{"id":11,"date":"2019-07-03T15:09:49","date_gmt":"2019-07-03T15:09:49","guid":{"rendered":"http:\/\/huelser-mitteilungen.de\/?page_id=11"},"modified":"2020-08-25T13:20:22","modified_gmt":"2020-08-25T13:20:22","slug":"historie","status":"publish","type":"page","link":"https:\/\/huelser-mitteilungen.de\/?page_id=11","title":{"rendered":"Historie"},"content":{"rendered":"\t\t<div data-elementor-type=\"wp-post\" data-elementor-id=\"11\" class=\"elementor elementor-11\" data-elementor-settings=\"[]\">\n\t\t\t\t\t\t<div class=\"elementor-inner\">\n\t\t\t\t\t\t\t<div class=\"elementor-section-wrap\">\n\t\t\t\t\t\t\t<section class=\"elementor-section elementor-top-section elementor-element elementor-element-d21ef07 elementor-section-boxed elementor-section-height-default elementor-section-height-default\" data-id=\"d21ef07\" data-element_type=\"section\">\n\t\t\t\t\t\t<div class=\"elementor-container elementor-column-gap-default\">\n\t\t\t\t\t\t\t<div class=\"elementor-row\">\n\t\t\t\t\t<div class=\"elementor-column elementor-col-100 elementor-top-column elementor-element elementor-element-474799b\" data-id=\"474799b\" data-element_type=\"column\">\n\t\t\t<div class=\"elementor-column-wrap elementor-element-populated\">\n\t\t\t\t\t\t\t<div class=\"elementor-widget-wrap\">\n\t\t\t\t\t\t<div class=\"elementor-element elementor-element-cbd0ed1 elementor-widget elementor-widget-heading\" data-id=\"cbd0ed1\" data-element_type=\"widget\" data-widget_type=\"heading.default\">\n\t\t\t\t<div class=\"elementor-widget-container\">\n\t\t\t<h1 class=\"elementor-heading-title elementor-size-xl\">Von der H\u00fclser Volks-Zeitung <br>zu den H\u00fclser Mitteilungen<\/h1>\t\t<\/div>\n\t\t\t\t<\/div>\n\t\t\t\t\t\t<\/div>\n\t\t\t\t\t<\/div>\n\t\t<\/div>\n\t\t\t\t\t\t\t\t<\/div>\n\t\t\t\t\t<\/div>\n\t\t<\/section>\n\t\t\t\t<section class=\"elementor-section elementor-top-section elementor-element elementor-element-387f455 elementor-section-boxed elementor-section-height-default elementor-section-height-default\" data-id=\"387f455\" data-element_type=\"section\">\n\t\t\t\t\t\t<div class=\"elementor-container elementor-column-gap-default\">\n\t\t\t\t\t\t\t<div class=\"elementor-row\">\n\t\t\t\t\t<div class=\"elementor-column elementor-col-100 elementor-top-column elementor-element elementor-element-dff0442\" data-id=\"dff0442\" data-element_type=\"column\">\n\t\t\t<div class=\"elementor-column-wrap elementor-element-populated\">\n\t\t\t\t\t\t\t<div class=\"elementor-widget-wrap\">\n\t\t\t\t\t\t<div class=\"elementor-element elementor-element-fe08caf elementor-widget-divider--view-line elementor-widget elementor-widget-divider\" data-id=\"fe08caf\" data-element_type=\"widget\" data-widget_type=\"divider.default\">\n\t\t\t\t<div class=\"elementor-widget-container\">\n\t\t\t\t\t<div class=\"elementor-divider\">\n\t\t\t<span class=\"elementor-divider-separator\">\n\t\t\t\t\t\t<\/span>\n\t\t<\/div>\n\t\t\t\t<\/div>\n\t\t\t\t<\/div>\n\t\t\t\t\t\t<\/div>\n\t\t\t\t\t<\/div>\n\t\t<\/div>\n\t\t\t\t\t\t\t\t<\/div>\n\t\t\t\t\t<\/div>\n\t\t<\/section>\n\t\t\t\t<section class=\"elementor-section elementor-top-section elementor-element elementor-element-be46c11 elementor-section-boxed elementor-section-height-default elementor-section-height-default\" data-id=\"be46c11\" data-element_type=\"section\">\n\t\t\t\t\t\t<div class=\"elementor-container elementor-column-gap-default\">\n\t\t\t\t\t\t\t<div class=\"elementor-row\">\n\t\t\t\t\t<div class=\"elementor-column elementor-col-100 elementor-top-column elementor-element elementor-element-6095c49\" data-id=\"6095c49\" data-element_type=\"column\">\n\t\t\t<div class=\"elementor-column-wrap elementor-element-populated\">\n\t\t\t\t\t\t\t<div class=\"elementor-widget-wrap\">\n\t\t\t\t\t\t<div class=\"elementor-element elementor-element-31299a3 elementor-widget elementor-widget-text-editor\" data-id=\"31299a3\" data-element_type=\"widget\" data-widget_type=\"text-editor.default\">\n\t\t\t\t<div class=\"elementor-widget-container\">\n\t\t\t\t\t<div class=\"elementor-text-editor elementor-clearfix\"><p style=\"text-align: left;\"><img loading=\"lazy\" class=\"size-medium wp-image-403 alignleft\" src=\"https:\/\/huelser-mitteilungen.de\/wp-content\/uploads\/2020\/04\/4575_72dpi-2-300x200.jpg\" alt=\"\" width=\"300\" height=\"200\" srcset=\"https:\/\/huelser-mitteilungen.de\/wp-content\/uploads\/2020\/04\/4575_72dpi-2-300x200.jpg 300w, https:\/\/huelser-mitteilungen.de\/wp-content\/uploads\/2020\/04\/4575_72dpi-2-1024x684.jpg 1024w, https:\/\/huelser-mitteilungen.de\/wp-content\/uploads\/2020\/04\/4575_72dpi-2-768x513.jpg 768w, https:\/\/huelser-mitteilungen.de\/wp-content\/uploads\/2020\/04\/4575_72dpi-2-1536x1025.jpg 1536w, https:\/\/huelser-mitteilungen.de\/wp-content\/uploads\/2020\/04\/4575_72dpi-2-2048x1367.jpg 2048w, https:\/\/huelser-mitteilungen.de\/wp-content\/uploads\/2020\/04\/4575_72dpi-2-1200x801.jpg 1200w\" sizes=\"(max-width: 300px) 85vw, 300px\" \/>1901 ist die H\u00fclser Volkszeitung zum ersten Mal erschienen. <br \/>Damit kann die H\u00fclser Ortspresse auf \u00fcber 100 Jahre Geschichte zur\u00fcckblicken. Geht doch eine kontinuierliche Entwicklung von der fr\u00fcheren \u201eH\u00fclser Volks-Zeitung\u201c zu den heutigen \u201eH\u00fclser Mitteilungen\u201c. Dies dr\u00fcckt sich nicht zuletzt im Kopf des Blattes aus, wo das Wort \u201eH\u00fclser\u201c buchstabengetreu aus dem Kopf der fr\u00fcheren Zeitung entnommen wurde.<img loading=\"lazy\" class=\"size-medium wp-image-30 alignright\" style=\"caret-color: #000000; color: #000000; font-size: 1rem;\" src=\"http:\/\/huelser-mitteilungen.de\/wp-content\/uploads\/2019\/07\/3-300x221.jpg\" alt=\"\" width=\"300\" height=\"221\" srcset=\"https:\/\/huelser-mitteilungen.de\/wp-content\/uploads\/2019\/07\/3-300x221.jpg 300w, https:\/\/huelser-mitteilungen.de\/wp-content\/uploads\/2019\/07\/3-768x565.jpg 768w, https:\/\/huelser-mitteilungen.de\/wp-content\/uploads\/2019\/07\/3-1024x754.jpg 1024w, https:\/\/huelser-mitteilungen.de\/wp-content\/uploads\/2019\/07\/3-1200x883.jpg 1200w, https:\/\/huelser-mitteilungen.de\/wp-content\/uploads\/2019\/07\/3.jpg 1326w\" sizes=\"(max-width: 300px) 85vw, 300px\" \/><\/p><p style=\"text-align: left;\">Leider wurde das komplette Archiv mit den Jahresb\u00e4nden 1901 bis 1940 ebenso ein Opfer des Krieges, wie der gleiche Bestand im Archiv des Rathauses. Eine unersetzliche Quelle zur Ortsgeschichte der ersten 50 Jahre unseres Jahrhunderts ging damit f\u00fcr immer verloren.<\/p><p style=\"text-align: left;\"><img loading=\"lazy\" class=\"size-medium wp-image-31 alignleft\" style=\"font-size: 1rem;\" src=\"http:\/\/huelser-mitteilungen.de\/wp-content\/uploads\/2019\/07\/4-300x192.jpg\" alt=\"\" width=\"300\" height=\"192\" \/><br \/>Existierte schon zu Anfang des vergangenen Jahrhunderts das Kempener Intelligenzblatt, in dem auch Anzeigen aus H\u00fcls ver\u00f6ffentlicht wurden, in der Hauptsache Verk\u00e4ufe und Fruchtversteigerungen, so scheint um die Jahrhundertwende das Bed\u00fcrfnis so gro\u00df geworden zu sein, dass auch f\u00fcr H\u00fcls ein eigenes Presseorgan n\u00f6tig und lohnenswert erschien. Deshalb kam es im Jahre 1901 zur Gr\u00fcndung der \u201eH\u00fclser Volks-Zeitung\u201c durch die Firma Plate &amp; Co. Leider fehlen, wie schon gesagt, aus den Anfangsjahren jegliche Unterlagen, so dass wir uns kein Bild von den ersten Ausgaben machen k\u00f6nnen. Die Gesch\u00e4ftsstelle muss auf der Krefelder Stra\u00dfe &#8211; Ecke Auf dem Graben gewesen sein.<\/p><p style=\"text-align: left;\"><img loading=\"lazy\" class=\"size-medium wp-image-28 alignright\" src=\"http:\/\/huelser-mitteilungen.de\/wp-content\/uploads\/2019\/07\/4634_72dpi-195x300.jpg\" alt=\"\" width=\"195\" height=\"300\" srcset=\"https:\/\/huelser-mitteilungen.de\/wp-content\/uploads\/2019\/07\/4634_72dpi-195x300.jpg 195w, https:\/\/huelser-mitteilungen.de\/wp-content\/uploads\/2019\/07\/4634_72dpi-768x1183.jpg 768w, https:\/\/huelser-mitteilungen.de\/wp-content\/uploads\/2019\/07\/4634_72dpi-665x1024.jpg 665w, https:\/\/huelser-mitteilungen.de\/wp-content\/uploads\/2019\/07\/4634_72dpi-1200x1849.jpg 1200w\" sizes=\"(max-width: 195px) 85vw, 195px\" \/><br \/>Im Februar 1906 kam Heinrich Kaltenmeier, nach der Ausbildung in verschiedenen s\u00fcddeutschen Verlagen nach H\u00fcls und \u00fcbernahm mit Peter Josef Mayer die Herausgabe unter der Firma Mayer &amp; Kaltenmeier. Die Druckerei zog in die Hochstra\u00dfe (jetzt Konventstra\u00dfe) \u00a0in das Haus Nr. 28 (Amelung). <br \/>Nach f\u00fcnf Jahren trat Peter Josef Mayer aus der Firma aus, um in M\u00fclheim eine eigene Druckerei zu gr\u00fcnden. F\u00fcr ihn trat Richard Verhuven aus T\u00f6nisberg als Teilhaber in die Firma ein. Als Kaltenmeier &amp; Verhuven wurde jetzt die \u201eH\u00fclser Volks-Zeitung\u201c herausgegeben.\u00a0<\/p><p><img loading=\"lazy\" class=\"size-medium wp-image-40 alignleft\" src=\"http:\/\/huelser-mitteilungen.de\/wp-content\/uploads\/2019\/07\/4560_72dpi-300x200.jpg\" alt=\"\" width=\"300\" height=\"200\" srcset=\"https:\/\/huelser-mitteilungen.de\/wp-content\/uploads\/2019\/07\/4560_72dpi-300x200.jpg 300w, https:\/\/huelser-mitteilungen.de\/wp-content\/uploads\/2019\/07\/4560_72dpi-768x513.jpg 768w, https:\/\/huelser-mitteilungen.de\/wp-content\/uploads\/2019\/07\/4560_72dpi-1024x684.jpg 1024w, https:\/\/huelser-mitteilungen.de\/wp-content\/uploads\/2019\/07\/4560_72dpi-1200x801.jpg 1200w\" sizes=\"(max-width: 300px) 85vw, 300px\" \/><\/p><p style=\"text-align: left;\">In dieser fruchtbaren Zusammenarbeit wurden auch umfangreiche heimatgeschichtliche Werke herausgegeben, u. a. \u201eDie Geschichte der Grafschaft Moers\u201c, \u201eDie Geschichte Wachtendonks\u201c, \u201eDie Geschichte der Abtei Kamp\u201c u. a.<br \/>Von Rundfunk und Fernsehen oder gar Internet wagten nur Fantasten zu tr\u00e4umen und die \u201eH\u00fclser Volks-Zeitung\u201c kam im gro\u00dfen Berliner Format einem breiten Informationsbed\u00fcrfnis entgegen. Zweimal in der Woche, mittwochs und samstags, lag die Zeitung mit einem Umfang von 8 bis 16 Seiten vor der Haust\u00fcre. <img loading=\"lazy\" class=\"size-medium wp-image-35 alignright\" src=\"http:\/\/huelser-mitteilungen.de\/wp-content\/uploads\/2019\/07\/8-300x197.jpg\" alt=\"\" width=\"300\" height=\"197\" srcset=\"https:\/\/huelser-mitteilungen.de\/wp-content\/uploads\/2019\/07\/8-300x197.jpg 300w, https:\/\/huelser-mitteilungen.de\/wp-content\/uploads\/2019\/07\/8-768x505.jpg 768w, https:\/\/huelser-mitteilungen.de\/wp-content\/uploads\/2019\/07\/8-1024x673.jpg 1024w, https:\/\/huelser-mitteilungen.de\/wp-content\/uploads\/2019\/07\/8-1200x789.jpg 1200w\" sizes=\"(max-width: 300px) 85vw, 300px\" \/>Sie berichtete nicht nur \u00fcber das Ortsgeschehen, sondern auch, teilweise illustriert, aus der weiten Welt mit Beilagen f\u00fcr den Landwirt, die Hausfrau und den Heimatfreund. Es gab auch Extrabl\u00e4tter zwischen den Tagen, wie zum Beispiel zum Tode des H\u00fclser Armeebischofs Dr. Joeppen am 27. Februar 1927.<\/p><p style=\"text-align: left;\">Am 17. Dezember 1930 starb Heinrich Kaltenmeier, der 25 Jahre seiner Zeitung das Gesicht gegeben hatte. Wie hei\u00dft es in seinem Nachruf: \u201eMit ihm ist eine Pers\u00f6nlichkeit dahingegangen, die mit den Geschicken von H\u00fcls, das ihm zur zweiten Heimat geworden war, fast ein Vierteljahrhundert in jeder Hinsicht eng verbunden war.\u201c<br \/>Richard Verhuven, der schon vorher durch seine heimatkundlichen Arbeiten die Heimatfreundbeilage bereichert hatte, \u00fcbernahm die Schriftleitung, bis er 1936 ausschied um eine eigene Firma zu gr\u00fcnden.<\/p><p style=\"text-align: left;\">Ab 1933 geriet auch die \u201eH\u00fclser Volks-Zeitung\u201c als sogenannte katholische Tageszeitung in das Schussfeld der NSDAP. Man wartete nur darauf, auch diesem Blatt den Garaus zu machen. Es gab zwar nach au\u00dfen hin keine Zensur, aber sogenannte \u201eSprachregelungen\u201c schrieben genau vor, was gedruckt und was nicht gedruckt werden durfte. Jeden Tag erschien ein Geheimbrief des Reichspropagandaministeriums mit genauen Vorschriften zu den Tagesereignissen. Wehe, wenn gegen diese Vorschriften auch nur leicht versto\u00dfen wurde. Der Schriftleiter verlor sofort seinen Beruf und weitere Sanktionen warteten auf ihn. Diese Geheimbriefe mussten unter strengstem Verschluss aufbewahrt werden und wurden unter Kontrolle der Reichspressekammer vernichtet. Wie sah 1939 Dr. Lutz Breuning, damals verantwortlicher Schriftleiter, seinen Kopf bereits wackeln, als er einmal ein ganzes Paket dieser Briefe einfach in der Stra\u00dfenbahn liegen lie\u00df. Den Schrecken konnte sich nur ein Eingeweihter vorstellen. Wie selig war er dann, als er schnellstens zum B\u00fcro der Krevag fuhr und er dort unge\u00f6ffnet sein P\u00e4ckchen ausgeh\u00e4ndigt bekam.<br \/><img loading=\"lazy\" class=\"size-medium wp-image-32 alignright\" src=\"http:\/\/huelser-mitteilungen.de\/wp-content\/uploads\/2019\/07\/5-300x190.jpg\" alt=\"\" width=\"300\" height=\"190\" srcset=\"https:\/\/huelser-mitteilungen.de\/wp-content\/uploads\/2019\/07\/5-300x190.jpg 300w, https:\/\/huelser-mitteilungen.de\/wp-content\/uploads\/2019\/07\/5-768x486.jpg 768w, https:\/\/huelser-mitteilungen.de\/wp-content\/uploads\/2019\/07\/5.jpg 996w\" sizes=\"(max-width: 300px) 85vw, 300px\" \/><img loading=\"lazy\" class=\"size-medium wp-image-24 alignleft\" src=\"http:\/\/huelser-mitteilungen.de\/wp-content\/uploads\/2019\/07\/4623_01_72dpi-300x129.jpg\" alt=\"\" width=\"300\" height=\"129\" srcset=\"https:\/\/huelser-mitteilungen.de\/wp-content\/uploads\/2019\/07\/4623_01_72dpi-300x129.jpg 300w, https:\/\/huelser-mitteilungen.de\/wp-content\/uploads\/2019\/07\/4623_01_72dpi-768x331.jpg 768w, https:\/\/huelser-mitteilungen.de\/wp-content\/uploads\/2019\/07\/4623_01_72dpi-1024x441.jpg 1024w, https:\/\/huelser-mitteilungen.de\/wp-content\/uploads\/2019\/07\/4623_01_72dpi-1200x517.jpg 1200w\" sizes=\"(max-width: 300px) 85vw, 300px\" \/><\/p><p style=\"text-align: left;\">1940 hatte dann endg\u00fcltig die letzte Stunde der \u201eH\u00fclser Volks-Zeitung\u201c geschlagen. Unter dem Vorwand der Papierknappheit wurden alle katholischen Zeitungen in Deutschland verboten. Und sofort setzte massiver Druck ein, die Verlagsrechte an die parteieigene \u201eVolksparole\u201c abzutreten, da nach einem Endsieg keine Aussicht best\u00e4nde, die Zeitung wieder aufleben zu lassen. Als einzige im weiten Umkreis wehrte sich Katharina Kaltenmeier gegen dieses Ansinnen mit sehr mutigen Worten, um die Existenz f\u00fcr die S\u00f6hne zu erhalten.<\/p><p style=\"text-align: left;\">Am 21. Juni 1943, in der Nacht, in der Krefeld in einem Flammenmeer der Brandbomben zusammensank, bekam auch H\u00fcls einiges ab. Dabei wurde auch der technische Betrieb ein Opfer der Brandbomben und damit das unersetzliche Archiv.<\/p><p style=\"text-align: left;\">In der Nachkriegszeit gestatteten die Besatzungsm\u00e4chte neben den \u00fcberregionalen Zeitungen in jedem Kreis nur ein Mitteilungsblatt und das war selbstverst\u00e4ndlich das amtliche Kreisblatt. Ende 1948 wurde f\u00fcr kurze Zeit das Kreisblatt eingestellt und sofort stellten Heinrich und Karl Kaltenmeier <img loading=\"lazy\" class=\"size-medium wp-image-38 alignleft\" src=\"http:\/\/huelser-mitteilungen.de\/wp-content\/uploads\/2019\/07\/4632_72dpi-191x300.jpg\" alt=\"\" width=\"191\" height=\"300\" srcset=\"https:\/\/huelser-mitteilungen.de\/wp-content\/uploads\/2019\/07\/4632_72dpi-191x300.jpg 191w, https:\/\/huelser-mitteilungen.de\/wp-content\/uploads\/2019\/07\/4632_72dpi-768x1209.jpg 768w, https:\/\/huelser-mitteilungen.de\/wp-content\/uploads\/2019\/07\/4632_72dpi-650x1024.jpg 650w, https:\/\/huelser-mitteilungen.de\/wp-content\/uploads\/2019\/07\/4632_72dpi-1200x1890.jpg 1200w\" sizes=\"(max-width: 191px) 85vw, 191px\" \/>beim Innenminister den Antrag auf eine Lizenz, unterst\u00fctzt vom damaligen Gemeindedirektor Peter Knippen. <img loading=\"lazy\" class=\"size-medium wp-image-477 alignright\" src=\"http:\/\/huelser-mitteilungen.de\/wp-content\/uploads\/2020\/04\/h\u00fcmi_1949-219x300.jpeg\" alt=\"\" width=\"219\" height=\"300\" srcset=\"https:\/\/huelser-mitteilungen.de\/wp-content\/uploads\/2020\/04\/h\u00fcmi_1949-219x300.jpeg 219w, https:\/\/huelser-mitteilungen.de\/wp-content\/uploads\/2020\/04\/h\u00fcmi_1949-749x1024.jpeg 749w, https:\/\/huelser-mitteilungen.de\/wp-content\/uploads\/2020\/04\/h\u00fcmi_1949-768x1051.jpeg 768w, https:\/\/huelser-mitteilungen.de\/wp-content\/uploads\/2020\/04\/h\u00fcmi_1949.jpeg 946w\" sizes=\"(max-width: 219px) 85vw, 219px\" \/><br \/><span style=\"font-size: 1rem;\">Der Antrag musste genehmigt werden und die Genehmigung wurde vorsichtshalber pers\u00f6nlich in D\u00fcsseldorf abgeholt, bevor durch das Neuerscheinen des Kreisblattes die Voraussetzung entfiel.<\/span><\/p><p style=\"text-align: left;\">Januar 1949 konnte die erste Ausgabe der \u201eH\u00fclser Mitteilungen\u201c erscheinen als direkte Nachfolge der \u201eH\u00fclser Volks-Zeitung\u201c. Die Zeiten hatten sich zwar ver\u00e4ndert, Rundfunk und Fernsehen waren auf dem\u00a0<span style=\"font-size: 1rem;\">Vormarsch, trotzdem bestand ein echtes Bed\u00fcrfnis nach inner\u00f6rtlicher Kommunikation.<\/span><\/p><p style=\"text-align: left;\">Das bewies die begeisterte Aufnahme der ersten Ausgaben. Die \u00fcber\u00f6rtlichen Informationen waren schneller aus anderen Quellen zu befriedigen, aber das Informationsbed\u00fcrfnis \u00f6rtlich war sehr gro\u00df. Daf\u00fcr reichte das kleine Format vollst\u00e4ndig aus. In den vielen Jahren, die seither verflossen sind, hat sich dieser Gedanke als richtig erwiesen, denn die \u201eH\u00fclser Mitteilungen\u201c erfreuen sich einer ungeschm\u00e4lerten Beliebtheit\u00a0und sorgen mit daf\u00fcr, dass der \u00f6rtliche Zusammenhalt in H\u00fcls auch die St\u00fcrme der Neugliederung \u00fcberstand, ohne dass das Gemeinschaftsgef\u00fchl der H\u00fclser Schaden nahm. <img loading=\"lazy\" class=\"size-medium wp-image-139 alignleft\" src=\"http:\/\/huelser-mitteilungen.de\/wp-content\/uploads\/2019\/07\/4523_72dpi-300x200.jpg\" alt=\"\" width=\"300\" height=\"200\" srcset=\"https:\/\/huelser-mitteilungen.de\/wp-content\/uploads\/2019\/07\/4523_72dpi-300x200.jpg 300w, https:\/\/huelser-mitteilungen.de\/wp-content\/uploads\/2019\/07\/4523_72dpi-768x513.jpg 768w, https:\/\/huelser-mitteilungen.de\/wp-content\/uploads\/2019\/07\/4523_72dpi-1024x684.jpg 1024w, https:\/\/huelser-mitteilungen.de\/wp-content\/uploads\/2019\/07\/4523_72dpi-1200x801.jpg 1200w\" sizes=\"(max-width: 300px) 85vw, 300px\" \/>Und auch in Zukunft haben sie keinen gr\u00f6\u00dferen Ehrgeiz, als Mittler zu sein zwischen allen H\u00fclser B\u00fcrgern. Mittlerweile sorgt daf\u00fcr die dritte Generation der Familie Kaltenmaier, die Kinder von Karl Kaltenmaier Gregor und Barbara.<img loading=\"lazy\" class=\"wp-image-141 alignright\" src=\"http:\/\/huelser-mitteilungen.de\/wp-content\/uploads\/2019\/07\/4533_72dpi-200x300.jpg\" alt=\"\" width=\"178\" height=\"265\" \/><\/p><p style=\"text-align: left;\"><img loading=\"lazy\" class=\"size-medium wp-image-401 alignright\" src=\"http:\/\/huelser-mitteilungen.de\/wp-content\/uploads\/2020\/04\/4545_72dpi-200x300.jpg\" alt=\"\" width=\"200\" height=\"300\" srcset=\"https:\/\/huelser-mitteilungen.de\/wp-content\/uploads\/2020\/04\/4545_72dpi-200x300.jpg 200w, https:\/\/huelser-mitteilungen.de\/wp-content\/uploads\/2020\/04\/4545_72dpi-684x1024.jpg 684w, https:\/\/huelser-mitteilungen.de\/wp-content\/uploads\/2020\/04\/4545_72dpi-768x1150.jpg 768w, https:\/\/huelser-mitteilungen.de\/wp-content\/uploads\/2020\/04\/4545_72dpi-1025x1536.jpg 1025w, https:\/\/huelser-mitteilungen.de\/wp-content\/uploads\/2020\/04\/4545_72dpi-1367x2048.jpg 1367w, https:\/\/huelser-mitteilungen.de\/wp-content\/uploads\/2020\/04\/4545_72dpi-1200x1798.jpg 1200w, https:\/\/huelser-mitteilungen.de\/wp-content\/uploads\/2020\/04\/4545_72dpi-scaled.jpg 1709w\" sizes=\"(max-width: 200px) 85vw, 200px\" \/><\/p><p style=\"text-align: left;\">Quelle: Firmenarchiv und H\u00fclser Heimatbl\u00e4tter<\/p><\/div>\n\t\t\t\t<\/div>\n\t\t\t\t<\/div>\n\t\t\t\t\t\t<\/div>\n\t\t\t\t\t<\/div>\n\t\t<\/div>\n\t\t\t\t\t\t\t\t<\/div>\n\t\t\t\t\t<\/div>\n\t\t<\/section>\n\t\t\t\t\t\t<\/div>\n\t\t\t\t\t\t<\/div>\n\t\t\t\t\t<\/div>\n\t\t","protected":false},"excerpt":{"rendered":"<p>Von der H\u00fclser Volks-Zeitung zu den H\u00fclser Mitteilungen 1901 ist die H\u00fclser Volkszeitung zum ersten Mal erschienen. Damit kann die H\u00fclser Ortspresse auf \u00fcber 100 Jahre Geschichte zur\u00fcckblicken. Geht doch eine kontinuierliche Entwicklung von der fr\u00fcheren \u201eH\u00fclser Volks-Zeitung\u201c zu den heutigen \u201eH\u00fclser Mitteilungen\u201c. Dies dr\u00fcckt sich nicht zuletzt im Kopf des Blattes aus, wo das &hellip; <a href=\"https:\/\/huelser-mitteilungen.de\/?page_id=11\" class=\"more-link\"><span class=\"screen-reader-text\">&#8222;Historie&#8220; <\/span>weiterlesen<\/a><\/p>\n","protected":false},"author":1,"featured_media":24,"parent":0,"menu_order":0,"comment_status":"closed","ping_status":"closed","template":"elementor_header_footer","meta":[],"_links":{"self":[{"href":"https:\/\/huelser-mitteilungen.de\/index.php?rest_route=\/wp\/v2\/pages\/11"}],"collection":[{"href":"https:\/\/huelser-mitteilungen.de\/index.php?rest_route=\/wp\/v2\/pages"}],"about":[{"href":"https:\/\/huelser-mitteilungen.de\/index.php?rest_route=\/wp\/v2\/types\/page"}],"author":[{"embeddable":true,"href":"https:\/\/huelser-mitteilungen.de\/index.php?rest_route=\/wp\/v2\/users\/1"}],"replies":[{"embeddable":true,"href":"https:\/\/huelser-mitteilungen.de\/index.php?rest_route=%2Fwp%2Fv2%2Fcomments&post=11"}],"version-history":[{"count":58,"href":"https:\/\/huelser-mitteilungen.de\/index.php?rest_route=\/wp\/v2\/pages\/11\/revisions"}],"predecessor-version":[{"id":823,"href":"https:\/\/huelser-mitteilungen.de\/index.php?rest_route=\/wp\/v2\/pages\/11\/revisions\/823"}],"wp:featuredmedia":[{"embeddable":true,"href":"https:\/\/huelser-mitteilungen.de\/index.php?rest_route=\/wp\/v2\/media\/24"}],"wp:attachment":[{"href":"https:\/\/huelser-mitteilungen.de\/index.php?rest_route=%2Fwp%2Fv2%2Fmedia&parent=11"}],"curies":[{"name":"wp","href":"https:\/\/api.w.org\/{rel}","templated":true}]}}