{"id":111,"date":"2019-07-03T18:43:30","date_gmt":"2019-07-03T18:43:30","guid":{"rendered":"http:\/\/huelser-mitteilungen.de\/?page_id=111"},"modified":"2023-01-13T15:59:46","modified_gmt":"2023-01-13T15:59:46","slug":"impressum","status":"publish","type":"page","link":"https:\/\/huelser-mitteilungen.de\/?page_id=111","title":{"rendered":"Impressum"},"content":{"rendered":"\t\t<div data-elementor-type=\"wp-post\" data-elementor-id=\"111\" class=\"elementor elementor-111\" data-elementor-settings=\"[]\">\n\t\t\t\t\t\t<div class=\"elementor-inner\">\n\t\t\t\t\t\t\t<div class=\"elementor-section-wrap\">\n\t\t\t\t\t\t\t<section class=\"elementor-section elementor-top-section elementor-element elementor-element-926d9d7 elementor-section-boxed elementor-section-height-default elementor-section-height-default\" data-id=\"926d9d7\" data-element_type=\"section\">\n\t\t\t\t\t\t<div class=\"elementor-container elementor-column-gap-default\">\n\t\t\t\t\t\t\t<div class=\"elementor-row\">\n\t\t\t\t\t<div class=\"elementor-column elementor-col-100 elementor-top-column elementor-element elementor-element-109981e\" data-id=\"109981e\" data-element_type=\"column\">\n\t\t\t<div class=\"elementor-column-wrap elementor-element-populated\">\n\t\t\t\t\t\t\t<div class=\"elementor-widget-wrap\">\n\t\t\t\t\t\t<div class=\"elementor-element elementor-element-6afc855 elementor-widget elementor-widget-text-editor\" data-id=\"6afc855\" data-element_type=\"widget\" data-widget_type=\"text-editor.default\">\n\t\t\t\t<div class=\"elementor-widget-container\">\n\t\t\t\t\t<div class=\"elementor-text-editor elementor-clearfix\"><header><div><p><span style=\"color: #808080;\">H. Kaltenmeier S\u00f6hne oHG<\/span><\/p><\/div><div><span style=\"color: #808080;\">Druckerei und Verlag<\/span><\/div><div><span style=\"color: #808080;\">Klever Stra\u00dfe 19<\/span><\/div><div><span style=\"color: #808080;\">47839 Krefeld-H\u00fcls<\/span><\/div><\/header><div>\u00a0<\/div><div><p><span style=\"color: #808080;\">vertreten durch\u00a0Barbara Kaltenmaier und\u00a0Gregor Kaltenmaier<\/span><\/p><p><span style=\"color: #808080;\">Registereintrag:<\/span><\/p><ul><li style=\"list-style-type: none;\"><ul><li><span style=\"color: #808080;\">Eintragung im Handelsregister\u00a0Registergericht: Amtsgericht Krefeld HRA 2368<\/span><\/li><li><span style=\"color: #808080;\">USt.-ID. DE164 150337<\/span><\/li><li><span style=\"color: #808080;\">Umsatzsteuer-Identifikationsnummer gem\u00e4\u00df \u00a727 a<\/span><\/li><\/ul><\/li><\/ul><p><span style=\"color: #808080;\">Online-Streitbeilegung gem\u00e4\u00df Art. 14 Abs. 1 ODR-VO: Die Europ\u00e4ische Kommission stellt eine Plattform zur Online-Streitbeilegung (OS) bereit, die Sie unter http:\/\/ec.europa.eu\/consumers\/odr finden.<\/span><\/p><p><span style=\"color: #808080;\">Zur Teilnahme an einem Streitbeilegungsverfahren vor\u00a0einer Verbraucherschlichtungsstelle sind wir nicht verpflichtet\u00a0und nicht bereit.<\/span><\/p><\/div><header><div>\u00a0<\/div><div><span style=\"color: #808080;\">B\u00fcrozeiten:<\/span><\/div><div><span style=\"color: #808080;\">Mo. &#8211; Do.\u00a0 09:00 Uhr &#8211; 12:45 Uhr\u00a0\u00a0\u00a0\u00a0 und\u00a0<\/span><\/div><div><span style=\"color: #808080;\">\u00a0 \u00a0 \u00a0 \u00a0 \u00a0 \u00a0 \u00a0 \u00a0 14:00 Uhr &#8211; 16:00 Uhr<\/span><\/div><div><span style=\"color: #808080;\">Fr. \u00a0 \u00a0 \u00a0 \u00a0 \u00a0\u00a0 09:00 Uhr &#8211; 13:00 Uhr<\/span><\/div><div>\u00a0<\/div><div><span style=\"color: #808080;\"><a style=\"color: #808080;\" href=\"tel:+492151736038\">Telefon 0 21 51 \/ 73 60 38<\/a><\/span><\/div><div><span style=\"color: #808080;\">Telefax 0 21 51 \/ 73 41 44<\/span><\/div><div><span style=\"color: #808080;\">E-Mail \u00a0<a style=\"color: #808080;\" href=\"mailto:red@huemi.de\">red@huemi.de<\/a><\/span><\/div><div>\u00a0<\/div><div>\u00a0<\/div><div>\u00a0<\/div><\/header><header><p><span id=\"u1699-22\" style=\"color: #808080;\">HAFTUNGSAUSSCHLUSS<\/span><\/p><p id=\"u1699-26\"><span style=\"color: #808080;\">1. Inhalt des Onlineangebotes<\/span><\/p><p id=\"u1699-28\"><span style=\"color: #808080;\">Der Autor \u00fcbernimmt keinerlei Gew\u00e4hr f\u00fcr die Aktualit\u00e4t, Korrektheit, Vollst\u00e4ndigkeit oder Qualit\u00e4t der bereitgestellten Informationen. Haftungsanspr\u00fcche gegen den Autor, welche sich auf Sch\u00e4den materieller oder ideeller Art beziehen, die durch die Nutzung oder Nichtnutzung der dargebotenen Informationen bzw. durch die Nutzung fehlerhafter und unvollst\u00e4ndiger Informationen verursacht wurden, sind grunds\u00e4tzlich ausgeschlossen, sofern seitens des Autors kein nachweislich vors\u00e4tzliches oder grob fahrl\u00e4ssiges Verschulden vorliegt.<\/span><\/p><p id=\"u1699-30\"><span style=\"color: #808080;\">Alle Angebote sind freibleibend und unverbindlich. Der Autor beh\u00e4lt es sich ausdr\u00fccklich vor, Teile der Seiten oder das gesamte Angebot ohne gesonderte Ank\u00fcndigung zu ver\u00e4ndern, zu erg\u00e4nzen, zu l\u00f6schen oder die Ver\u00f6ffentlichung zeitweise oder endg\u00fcltig einzustellen.<\/span><\/p><p id=\"u1699-33\"><span style=\"color: #808080;\">2. Verweise und Links<\/span><\/p><p id=\"u1699-35\"><span style=\"color: #808080;\">Bei direkten oder indirekten Verweisen auf fremde Webseiten (&#8220;Hyperlinks&#8221;), die au\u00dferhalb des Verantwortungsbereiches des Autors liegen, w\u00fcrde eine Haftungsverpflichtung ausschlie\u00dflich in dem Fall in Kraft treten, in dem der Autor von den Inhalten Kenntnis hat und es ihm technisch m\u00f6glich und zumutbar w\u00e4re, die Nutzung im Falle rechtswidriger Inhalte zu verhindern.<\/span><\/p><p id=\"u1699-37\"><span style=\"color: #808080;\">Der Autor erkl\u00e4rt hiermit ausdr\u00fccklich, dass zum Zeitpunkt der Linksetzung keine illegalen Inhalte auf den zu verlinkenden Seiten erkennbar waren. Auf die aktuelle und zuk\u00fcnftige Gestaltung, die Inhalte oder die Urheberschaft der verlinkten\/verkn\u00fcpften Seiten hat der Autor keinerlei Einfluss. Deshalb distanziert er sich hiermit ausdr\u00fccklich von allen Inhalten aller verlinkten \/verkn\u00fcpften Seiten, die nach der Linksetzung ver\u00e4ndert wurden. Diese Feststellung gilt f\u00fcr alle innerhalb des eigenen Internetangebotes gesetzten Links und Verweise sowie f\u00fcr Fremdeintr\u00e4ge in vom Autor eingerichteten G\u00e4steb\u00fcchern, Diskussionsforen, Linkverzeichnissen, Mailinglisten und in allen anderen Formen von Datenbanken, auf deren Inhalt externe Schreibzugriffe m\u00f6glich sind. F\u00fcr illegale, fehlerhafte oder unvollst\u00e4ndige Inhalte und insbesondere f\u00fcr Sch\u00e4den, die aus der Nutzung oder Nichtnutzung solcherart dargebotener Informationen entstehen, haftet allein der Anbieter der Seite, auf welche verwiesen wurde, nicht derjenige, der \u00fcber Links auf die jeweilige Ver\u00f6ffentlichung lediglich verweist.<\/span><\/p><p id=\"u1699-40\"><span style=\"color: #808080;\">3. Urheber- und Kennzeichenrecht<\/span><\/p><p id=\"u1699-42\"><span style=\"color: #808080;\">Der Autor ist bestrebt, in allen Publikationen die Urheberrechte der verwendeten Bilder, Grafiken, Tondokumente, Videosequenzen und Texte zu beachten, von ihm selbst erstellte Bilder, Grafiken, Tondokumente, Videosequenzen und Texte zu nutzen oder auf lizenzfreie Grafiken, Tondokumente, Videosequenzen und Texte zur\u00fcckzugreifen.<\/span><\/p><p id=\"u1699-44\"><span style=\"color: #808080;\">Alle innerhalb des Internetangebotes genannten und ggf. durch Dritte gesch\u00fctzten Marken- und Warenzeichen unterliegen uneingeschr\u00e4nkt den Bestimmungen des jeweils g\u00fcltigen Kennzeichenrechts und den Besitzrechten der jeweiligen eingetragenen Eigent\u00fcmer. Allein aufgrund der blo\u00dfen Nennung ist nicht der Schluss zu ziehen, dass Markenzeichen nicht durch Rechte Dritter gesch\u00fctzt sind!<\/span><\/p><p id=\"u1699-46\"><span style=\"color: #808080;\">Das Copyright f\u00fcr ver\u00f6ffentlichte, vom Autor selbst erstellte Objekte bleibt allein beim Autor der Seiten. Eine Vervielf\u00e4ltigung oder Verwendung solcher Grafiken, Tondokumente, Videosequenzen und Texte in anderen elektronischen oder gedruckten Publikationen ist ohne ausdr\u00fcckliche Zustimmung des Autors nicht gestattet.<\/span><\/p><p id=\"u1699-49\"><span style=\"color: #808080;\">4. Datenschutz<\/span><\/p><p id=\"u1699-51\"><span style=\"color: #808080;\">Sofern innerhalb des Internetangebotes die M\u00f6glichkeit zur Eingabe pers\u00f6nlicher oder gesch\u00e4ftlicher Daten (Emailadressen, Namen, Anschriften) besteht, so erfolgt die Preisgabe dieser Daten seitens des Nutzers auf ausdr\u00fccklich freiwilliger Basis. Die Inanspruchnahme und Bezahlung aller angebotenen Dienste ist &#8211; soweit technisch m\u00f6glich und zumutbar &#8211; auch ohne Angabe solcher Daten bzw. unter Angabe anonymisierter Daten oder eines Pseudonyms gestattet. Die Nutzung der im Rahmen des Impressums oder vergleichbarer Angaben ver\u00f6ffentlichten Kontaktdaten wie Postanschriften, Telefon- und Faxnummern sowie Emailadressen durch Dritte zur \u00dcbersendung von nicht ausdr\u00fccklich angeforderten Informationen ist nicht gestattet. Rechtliche Schritte gegen die Versender von sogenannten Spam-Mails bei Verst\u00f6ssen gegen dieses Verbot sind ausdr\u00fccklich vorbehalten.<\/span><\/p><p id=\"u1699-54\"><span style=\"color: #808080;\">5.Personenbezogene Daten<\/span><\/p><p id=\"u1699-57\"><span style=\"color: #808080;\">Wann nutzen, \u00fcbermitteln und verarbeiten wir Ihre personenbezogenen Daten?<\/span><\/p><p id=\"u1699-59\"><span style=\"color: #808080;\">Wir respektieren, dass Ihnen der sorgf\u00e4ltige Umgang mit Ihren personenbezogenen Daten sehr wichtig ist. Der Datenschutz nimmt einen hohen Stellenwert ein. Um dies zu gew\u00e4hrleisten, halten wir uns bei der Erhebung, Nutzung und Verarbeitung streng an die gesetzlichen Bestimmungen des Bundesdatenschutz- und des Telemediengesetzes.<\/span><\/p><p id=\"u1699-62\"><span style=\"color: #808080;\">In folgenden F\u00e4llen ben\u00f6tigen wir Ihre personenbezogenen Daten:<\/span><\/p><p id=\"u1699-65\"><span style=\"color: #808080;\">&#8211; bei Ihrer Kontaktaufnahme mit uns<\/span><\/p><p id=\"u1699-67\"><span style=\"color: #808080;\">&#8211; zur Vorbeugung eines Missbrauchs auf unserer Internetseite<\/span><\/p><p id=\"u1699-70\"><span style=\"color: #808080;\">Auf Verlangen werden wir Ihnen unentgeltlich Auskunft \u00fcber die zu Ihrer Person oder Ihrem Pseudonym gespeicherten Daten erteilen. Wenn Sie dies w\u00fcnschen, senden Sie bitte eine Nachricht. Ebenso sind wir verpflichtet, auf Verlangen, die \u00fcber Sie gespeicherten Daten zu berichtigen, zu sperren oder zu l\u00f6schen.<\/span><\/p><p id=\"u1699-73\"><span style=\"color: #808080;\">Wir weisen darauf hin, dass die Daten\u00fcbertragung im Internet (z.B. bei der Kommunikation per E-Mail) Sicherheitsl\u00fccken aufweisen kann. Ein l\u00fcckenloser Schutz der Daten vor dem Zugriff durch Dritte ist nicht m\u00f6glich.<\/span><\/p><p id=\"u1699-76\"><span style=\"color: #808080;\">Der Nutzung von im Rahmen der Impressumspflicht ver\u00f6ffentlichten Kontaktdaten durch Dritte zur \u00dcbersendung von nicht ausdr\u00fccklich angeforderter Werbung und Informationsmaterialien wird hiermit ausdr\u00fccklich widersprochen. Die Betreiber der Seiten behalten sich ausdr\u00fccklich rechtliche Schritte im Falle der unverlangten Zusendung von Werbeinformationen, etwa durch Spam-Mails, vor.<\/span><\/p><p id=\"u1699-79\"><span style=\"color: #808080;\">6. Cookies<\/span><\/p><p id=\"u1699-81\"><span style=\"color: #808080;\">Die Internetseiten verwenden teilweise so genannte Cookies. Cookies richten auf Ihrem Rechner keinen Schaden an und enthalten keine Viren. Cookies dienen dazu, unser Angebot nutzerfreundlicher, effektiver und sicherer zu machen. Cookies sind kleine Textdateien, die auf Ihrem Rechner abgelegt werden und die Ihr Browser speichert.<\/span><\/p><p id=\"u1699-84\"><span style=\"color: #808080;\">Die meisten der von uns verwendeten Cookies sind so genannte \u201eSession-Cookies\u201c. Sie werden nach Ende Ihres Besuchs automatisch gel\u00f6scht. Andere Cookies bleiben auf Ihrem Endger\u00e4t gespeichert, bis Sie diese l\u00f6schen. Diese Cookies erm\u00f6glichen es uns, Ihren Browser beim n\u00e4chsten Besuch wiederzuerkennen.<\/span><\/p><p id=\"u1699-87\"><span style=\"color: #808080;\">Sie k\u00f6nnen Ihren Browser so einstellen, dass Sie \u00fcber das Setzen von Cookies informiert werden und Cookies nur im Einzelfall erlauben, die Annahme von Cookies f\u00fcr bestimmte F\u00e4lle oder generell ausschlie\u00dfen sowie das automatische L\u00f6schen der Cookies beim Schlie\u00dfen des Browser aktivieren. Bei der Deaktivierung von Cookies kann die Funktionalit\u00e4t dieser Website eingeschr\u00e4nkt sein.<\/span><\/p><p id=\"u1699-90\"><span style=\"color: #808080;\">7. Kontaktformular<\/span><\/p><p id=\"u1699-93\"><span style=\"color: #808080;\">Wenn Sie uns per Kontaktformular Anfragen zukommen lassen, werden Ihre Angaben aus dem Anfrageformular inklusive der von Ihnen dort angegebenen Kontaktdaten zwecks Bearbeitung der Anfrage und f\u00fcr den Fall von Anschlussfragen bei uns gespeichert. Diese Daten geben wir nicht ohne Ihre Einwilligung weiter.<\/span><\/p><p id=\"u1699-96\"><span style=\"color: #808080;\">8. Rechtswirksamkeit dieses Haftungsausschlusses<\/span><\/p><p id=\"u1699-98\"><span id=\"u1699-97\" style=\"color: #808080;\">Dieser Haftungsausschluss ist als Teil des Internetangebotes zu betrachten, von dem aus auf diese Seite verwiesen wurde. Sofern Teile oder einzelne Formulierungen dieses Textes der geltenden Rechtslage nicht, nicht mehr oder nicht vollst\u00e4ndig entsprechen sollten, bleiben die \u00fcbrigen Teile des Dokumentes in ihrem Inhalt und ihrer G\u00fcltigkeit davon unber\u00fchrt.<\/span><\/p><\/header><\/div>\n\t\t\t\t<\/div>\n\t\t\t\t<\/div>\n\t\t\t\t\t\t<\/div>\n\t\t\t\t\t<\/div>\n\t\t<\/div>\n\t\t\t\t\t\t\t\t<\/div>\n\t\t\t\t\t<\/div>\n\t\t<\/section>\n\t\t\t\t\t\t<\/div>\n\t\t\t\t\t\t<\/div>\n\t\t\t\t\t<\/div>\n\t\t","protected":false},"excerpt":{"rendered":"<p>H. Kaltenmeier S\u00f6hne oHG Druckerei und VerlagKlever Stra\u00dfe 1947839 Krefeld-H\u00fcls \u00a0 vertreten durch\u00a0Barbara Kaltenmaier und\u00a0Gregor Kaltenmaier Registereintrag: Eintragung im Handelsregister\u00a0Registergericht: Amtsgericht Krefeld HRA 2368 USt.-ID. DE164 150337 Umsatzsteuer-Identifikationsnummer gem\u00e4\u00df \u00a727 a Online-Streitbeilegung gem\u00e4\u00df Art. 14 Abs. 1 ODR-VO: Die Europ\u00e4ische Kommission stellt eine Plattform zur Online-Streitbeilegung (OS) bereit, die Sie unter http:\/\/ec.europa.eu\/consumers\/odr finden. Zur Teilnahme &hellip; <a href=\"https:\/\/huelser-mitteilungen.de\/?page_id=111\" class=\"more-link\"><span class=\"screen-reader-text\">&#8222;Impressum&#8220; <\/span>weiterlesen<\/a><\/p>\n","protected":false},"author":1,"featured_media":0,"parent":0,"menu_order":0,"comment_status":"closed","ping_status":"closed","template":"","meta":[],"_links":{"self":[{"href":"https:\/\/huelser-mitteilungen.de\/index.php?rest_route=\/wp\/v2\/pages\/111"}],"collection":[{"href":"https:\/\/huelser-mitteilungen.de\/index.php?rest_route=\/wp\/v2\/pages"}],"about":[{"href":"https:\/\/huelser-mitteilungen.de\/index.php?rest_route=\/wp\/v2\/types\/page"}],"author":[{"embeddable":true,"href":"https:\/\/huelser-mitteilungen.de\/index.php?rest_route=\/wp\/v2\/users\/1"}],"replies":[{"embeddable":true,"href":"https:\/\/huelser-mitteilungen.de\/index.php?rest_route=%2Fwp%2Fv2%2Fcomments&post=111"}],"version-history":[{"count":43,"href":"https:\/\/huelser-mitteilungen.de\/index.php?rest_route=\/wp\/v2\/pages\/111\/revisions"}],"predecessor-version":[{"id":1625,"href":"https:\/\/huelser-mitteilungen.de\/index.php?rest_route=\/wp\/v2\/pages\/111\/revisions\/1625"}],"wp:attachment":[{"href":"https:\/\/huelser-mitteilungen.de\/index.php?rest_route=%2Fwp%2Fv2%2Fmedia&parent=111"}],"curies":[{"name":"wp","href":"https:\/\/api.w.org\/{rel}","templated":true}]}}