{"id":133,"date":"2019-07-03T19:03:03","date_gmt":"2019-07-03T19:03:03","guid":{"rendered":"http:\/\/huelser-mitteilungen.de\/?page_id=133"},"modified":"2020-08-26T10:48:56","modified_gmt":"2020-08-26T10:48:56","slug":"druckerei","status":"publish","type":"page","link":"https:\/\/huelser-mitteilungen.de\/?page_id=133","title":{"rendered":"Druckerei"},"content":{"rendered":"\t\t<div data-elementor-type=\"wp-post\" data-elementor-id=\"133\" class=\"elementor elementor-133\" data-elementor-settings=\"[]\">\n\t\t\t\t\t\t<div class=\"elementor-inner\">\n\t\t\t\t\t\t\t<div class=\"elementor-section-wrap\">\n\t\t\t\t\t\t\t<section class=\"elementor-section elementor-top-section elementor-element elementor-element-622dbb7 elementor-section-boxed elementor-section-height-default elementor-section-height-default\" data-id=\"622dbb7\" data-element_type=\"section\">\n\t\t\t\t\t\t<div class=\"elementor-container elementor-column-gap-default\">\n\t\t\t\t\t\t\t<div class=\"elementor-row\">\n\t\t\t\t\t<div class=\"elementor-column elementor-col-100 elementor-top-column elementor-element elementor-element-dd830a4\" data-id=\"dd830a4\" data-element_type=\"column\">\n\t\t\t<div class=\"elementor-column-wrap elementor-element-populated\">\n\t\t\t\t\t\t\t<div class=\"elementor-widget-wrap\">\n\t\t\t\t\t\t<div class=\"elementor-element elementor-element-261da24 elementor-widget elementor-widget-text-editor\" data-id=\"261da24\" data-element_type=\"widget\" data-widget_type=\"text-editor.default\">\n\t\t\t\t<div class=\"elementor-widget-container\">\n\t\t\t\t\t<div class=\"elementor-text-editor elementor-clearfix\"><div>Im Herzen von H\u00fcls drucken wir in der dritten Generation nicht nur die H\u00fclser Mitteilungen und den Hubertus-Boten, sondern u. a. auch den Evangelischen Gemeindebrief, die Vereinszeitschrift f\u00fcr Sport f\u00fcr aktive B\u00fcrger und vieles mehr.<\/div>\n<div>&nbsp;<\/div>\n<div><strong>Auch gerne f\u00fcr Sie &#8211;&nbsp;<\/strong><strong>Fordern Sie ein kostenloses Angebot an.<\/strong><\/div><\/div>\n\t\t\t\t<\/div>\n\t\t\t\t<\/div>\n\t\t\t\t\t\t<\/div>\n\t\t\t\t\t<\/div>\n\t\t<\/div>\n\t\t\t\t\t\t\t\t<\/div>\n\t\t\t\t\t<\/div>\n\t\t<\/section>\n\t\t\t\t<section class=\"elementor-section elementor-top-section elementor-element elementor-element-8c22393 elementor-section-boxed elementor-section-height-default elementor-section-height-default\" data-id=\"8c22393\" data-element_type=\"section\">\n\t\t\t\t\t\t<div class=\"elementor-container elementor-column-gap-default\">\n\t\t\t\t\t\t\t<div class=\"elementor-row\">\n\t\t\t\t\t<div class=\"elementor-column elementor-col-100 elementor-top-column elementor-element elementor-element-1714e54\" data-id=\"1714e54\" data-element_type=\"column\">\n\t\t\t<div class=\"elementor-column-wrap\">\n\t\t\t\t\t\t\t<div class=\"elementor-widget-wrap\">\n\t\t\t\t\t\t\t\t<\/div>\n\t\t\t\t\t<\/div>\n\t\t<\/div>\n\t\t\t\t\t\t\t\t<\/div>\n\t\t\t\t\t<\/div>\n\t\t<\/section>\n\t\t\t\t<section class=\"elementor-section elementor-top-section elementor-element elementor-element-1248775 elementor-section-boxed elementor-section-height-default elementor-section-height-default\" data-id=\"1248775\" data-element_type=\"section\">\n\t\t\t\t\t\t<div class=\"elementor-container elementor-column-gap-default\">\n\t\t\t\t\t\t\t<div class=\"elementor-row\">\n\t\t\t\t\t<div class=\"elementor-column elementor-col-100 elementor-top-column elementor-element elementor-element-199bca2\" data-id=\"199bca2\" data-element_type=\"column\">\n\t\t\t<div class=\"elementor-column-wrap elementor-element-populated\">\n\t\t\t\t\t\t\t<div class=\"elementor-widget-wrap\">\n\t\t\t\t\t\t<div class=\"elementor-element elementor-element-df5029f elementor-widget elementor-widget-image\" data-id=\"df5029f\" data-element_type=\"widget\" data-widget_type=\"image.default\">\n\t\t\t\t<div class=\"elementor-widget-container\">\n\t\t\t\t\t<div class=\"elementor-image\">\n\t\t\t\t\t\t\t\t\t\t<img width=\"840\" height=\"561\" src=\"https:\/\/huelser-mitteilungen.de\/wp-content\/uploads\/2019\/07\/4523_72dpi-1024x684.jpg\" class=\"attachment-large size-large\" alt=\"\" loading=\"lazy\" srcset=\"https:\/\/huelser-mitteilungen.de\/wp-content\/uploads\/2019\/07\/4523_72dpi-1024x684.jpg 1024w, https:\/\/huelser-mitteilungen.de\/wp-content\/uploads\/2019\/07\/4523_72dpi-300x200.jpg 300w, https:\/\/huelser-mitteilungen.de\/wp-content\/uploads\/2019\/07\/4523_72dpi-768x513.jpg 768w, https:\/\/huelser-mitteilungen.de\/wp-content\/uploads\/2019\/07\/4523_72dpi-1200x801.jpg 1200w\" sizes=\"(max-width: 709px) 85vw, (max-width: 909px) 67vw, (max-width: 1362px) 62vw, 840px\" \/>\t\t\t\t\t\t\t\t\t\t\t<\/div>\n\t\t\t\t<\/div>\n\t\t\t\t<\/div>\n\t\t\t\t\t\t<\/div>\n\t\t\t\t\t<\/div>\n\t\t<\/div>\n\t\t\t\t\t\t\t\t<\/div>\n\t\t\t\t\t<\/div>\n\t\t<\/section>\n\t\t\t\t<section class=\"elementor-section elementor-top-section elementor-element elementor-element-7735978 elementor-section-boxed elementor-section-height-default elementor-section-height-default\" data-id=\"7735978\" data-element_type=\"section\">\n\t\t\t\t\t\t<div class=\"elementor-container elementor-column-gap-default\">\n\t\t\t\t\t\t\t<div class=\"elementor-row\">\n\t\t\t\t\t<div class=\"elementor-column elementor-col-100 elementor-top-column elementor-element elementor-element-0d90eac\" data-id=\"0d90eac\" data-element_type=\"column\">\n\t\t\t<div class=\"elementor-column-wrap elementor-element-populated\">\n\t\t\t\t\t\t\t<div class=\"elementor-widget-wrap\">\n\t\t\t\t\t\t<div class=\"elementor-element elementor-element-157f722 elementor-widget-divider--view-line elementor-widget elementor-widget-divider\" data-id=\"157f722\" data-element_type=\"widget\" data-widget_type=\"divider.default\">\n\t\t\t\t<div class=\"elementor-widget-container\">\n\t\t\t\t\t<div class=\"elementor-divider\">\n\t\t\t<span class=\"elementor-divider-separator\">\n\t\t\t\t\t\t<\/span>\n\t\t<\/div>\n\t\t\t\t<\/div>\n\t\t\t\t<\/div>\n\t\t\t\t\t\t<\/div>\n\t\t\t\t\t<\/div>\n\t\t<\/div>\n\t\t\t\t\t\t\t\t<\/div>\n\t\t\t\t\t<\/div>\n\t\t<\/section>\n\t\t\t\t<section class=\"elementor-section elementor-top-section elementor-element elementor-element-7a7d838 elementor-section-boxed elementor-section-height-default elementor-section-height-default\" data-id=\"7a7d838\" data-element_type=\"section\">\n\t\t\t\t\t\t<div class=\"elementor-container elementor-column-gap-default\">\n\t\t\t\t\t\t\t<div class=\"elementor-row\">\n\t\t\t\t\t<div class=\"elementor-column elementor-col-100 elementor-top-column elementor-element elementor-element-9d66a3a\" data-id=\"9d66a3a\" data-element_type=\"column\">\n\t\t\t<div class=\"elementor-column-wrap elementor-element-populated\">\n\t\t\t\t\t\t\t<div class=\"elementor-widget-wrap\">\n\t\t\t\t\t\t<div class=\"elementor-element elementor-element-a2b41e0 gallery-spacing-custom elementor-widget elementor-widget-image-gallery\" data-id=\"a2b41e0\" data-element_type=\"widget\" data-widget_type=\"image-gallery.default\">\n\t\t\t\t<div class=\"elementor-widget-container\">\n\t\t\t\t\t<div class=\"elementor-image-gallery\">\n\t\t\t<div id='gallery-1' class='gallery galleryid-133 gallery-columns-1 gallery-size-medium_large'><figure class='gallery-item'>\n\t\t\t<div class='gallery-icon portrait'>\n\t\t\t\t<a data-elementor-open-lightbox=\"yes\" data-elementor-lightbox-slideshow=\"a2b41e0\" data-elementor-lightbox-title=\"4533_72dpi\" href='https:\/\/huelser-mitteilungen.de\/wp-content\/uploads\/2019\/07\/4533_72dpi-e1562181402601.jpg'><img width=\"768\" height=\"1150\" src=\"https:\/\/huelser-mitteilungen.de\/wp-content\/uploads\/2019\/07\/4533_72dpi-768x1150.jpg\" class=\"attachment-medium_large size-medium_large\" alt=\"\" loading=\"lazy\" srcset=\"https:\/\/huelser-mitteilungen.de\/wp-content\/uploads\/2019\/07\/4533_72dpi-768x1150.jpg 768w, https:\/\/huelser-mitteilungen.de\/wp-content\/uploads\/2019\/07\/4533_72dpi-200x300.jpg 200w, https:\/\/huelser-mitteilungen.de\/wp-content\/uploads\/2019\/07\/4533_72dpi-684x1024.jpg 684w, https:\/\/huelser-mitteilungen.de\/wp-content\/uploads\/2019\/07\/4533_72dpi-1200x1798.jpg 1200w, https:\/\/huelser-mitteilungen.de\/wp-content\/uploads\/2019\/07\/4533_72dpi-e1562181402601.jpg 300w\" sizes=\"(max-width: 768px) 85vw, 768px\" \/><\/a>\n\t\t\t<\/div><\/figure><figure class='gallery-item'>\n\t\t\t<div class='gallery-icon landscape'>\n\t\t\t\t<a data-elementor-open-lightbox=\"yes\" data-elementor-lightbox-slideshow=\"a2b41e0\" data-elementor-lightbox-title=\"4522_72dpi\" href='https:\/\/huelser-mitteilungen.de\/wp-content\/uploads\/2019\/07\/4522_72dpi.jpg'><img width=\"768\" height=\"513\" src=\"https:\/\/huelser-mitteilungen.de\/wp-content\/uploads\/2019\/07\/4522_72dpi-768x513.jpg\" class=\"attachment-medium_large size-medium_large\" alt=\"\" loading=\"lazy\" srcset=\"https:\/\/huelser-mitteilungen.de\/wp-content\/uploads\/2019\/07\/4522_72dpi-768x513.jpg 768w, https:\/\/huelser-mitteilungen.de\/wp-content\/uploads\/2019\/07\/4522_72dpi-300x200.jpg 300w, https:\/\/huelser-mitteilungen.de\/wp-content\/uploads\/2019\/07\/4522_72dpi-1024x684.jpg 1024w, https:\/\/huelser-mitteilungen.de\/wp-content\/uploads\/2019\/07\/4522_72dpi-1200x801.jpg 1200w\" sizes=\"(max-width: 768px) 85vw, 768px\" \/><\/a>\n\t\t\t<\/div><\/figure><figure class='gallery-item'>\n\t\t\t<div class='gallery-icon portrait'>\n\t\t\t\t<a data-elementor-open-lightbox=\"yes\" data-elementor-lightbox-slideshow=\"a2b41e0\" data-elementor-lightbox-title=\"4455_72dpi\" href='https:\/\/huelser-mitteilungen.de\/wp-content\/uploads\/2020\/04\/4455_72dpi-scaled.jpg'><img width=\"768\" height=\"1150\" src=\"https:\/\/huelser-mitteilungen.de\/wp-content\/uploads\/2020\/04\/4455_72dpi-768x1150.jpg\" class=\"attachment-medium_large size-medium_large\" alt=\"\" loading=\"lazy\" srcset=\"https:\/\/huelser-mitteilungen.de\/wp-content\/uploads\/2020\/04\/4455_72dpi-768x1150.jpg 768w, https:\/\/huelser-mitteilungen.de\/wp-content\/uploads\/2020\/04\/4455_72dpi-200x300.jpg 200w, https:\/\/huelser-mitteilungen.de\/wp-content\/uploads\/2020\/04\/4455_72dpi-684x1024.jpg 684w, https:\/\/huelser-mitteilungen.de\/wp-content\/uploads\/2020\/04\/4455_72dpi-1025x1536.jpg 1025w, https:\/\/huelser-mitteilungen.de\/wp-content\/uploads\/2020\/04\/4455_72dpi-1367x2048.jpg 1367w, https:\/\/huelser-mitteilungen.de\/wp-content\/uploads\/2020\/04\/4455_72dpi-1200x1798.jpg 1200w, https:\/\/huelser-mitteilungen.de\/wp-content\/uploads\/2020\/04\/4455_72dpi-scaled.jpg 1709w\" sizes=\"(max-width: 768px) 85vw, 768px\" \/><\/a>\n\t\t\t<\/div><\/figure><figure class='gallery-item'>\n\t\t\t<div class='gallery-icon portrait'>\n\t\t\t\t<a data-elementor-open-lightbox=\"yes\" data-elementor-lightbox-slideshow=\"a2b41e0\" data-elementor-lightbox-title=\"4649_1_72dpi\" href='https:\/\/huelser-mitteilungen.de\/wp-content\/uploads\/2020\/05\/4649_1_72dpi-1.jpg'><img width=\"768\" height=\"866\" src=\"https:\/\/huelser-mitteilungen.de\/wp-content\/uploads\/2020\/05\/4649_1_72dpi-1-768x866.jpg\" class=\"attachment-medium_large size-medium_large\" alt=\"\" loading=\"lazy\" srcset=\"https:\/\/huelser-mitteilungen.de\/wp-content\/uploads\/2020\/05\/4649_1_72dpi-1-768x866.jpg 768w, https:\/\/huelser-mitteilungen.de\/wp-content\/uploads\/2020\/05\/4649_1_72dpi-1-266x300.jpg 266w, https:\/\/huelser-mitteilungen.de\/wp-content\/uploads\/2020\/05\/4649_1_72dpi-1.jpg 900w\" sizes=\"(max-width: 768px) 85vw, 768px\" \/><\/a>\n\t\t\t<\/div><\/figure><figure class='gallery-item'>\n\t\t\t<div class='gallery-icon landscape'>\n\t\t\t\t<a data-elementor-open-lightbox=\"yes\" data-elementor-lightbox-slideshow=\"a2b41e0\" data-elementor-lightbox-title=\"4531_01_72dpi\" href='https:\/\/huelser-mitteilungen.de\/wp-content\/uploads\/2019\/07\/4531_01_72dpi.jpg'><img width=\"768\" height=\"768\" src=\"https:\/\/huelser-mitteilungen.de\/wp-content\/uploads\/2019\/07\/4531_01_72dpi-768x768.jpg\" class=\"attachment-medium_large size-medium_large\" alt=\"\" loading=\"lazy\" srcset=\"https:\/\/huelser-mitteilungen.de\/wp-content\/uploads\/2019\/07\/4531_01_72dpi-768x768.jpg 768w, https:\/\/huelser-mitteilungen.de\/wp-content\/uploads\/2019\/07\/4531_01_72dpi-150x150.jpg 150w, https:\/\/huelser-mitteilungen.de\/wp-content\/uploads\/2019\/07\/4531_01_72dpi-300x300.jpg 300w, https:\/\/huelser-mitteilungen.de\/wp-content\/uploads\/2019\/07\/4531_01_72dpi-1024x1024.jpg 1024w, https:\/\/huelser-mitteilungen.de\/wp-content\/uploads\/2019\/07\/4531_01_72dpi-1200x1200.jpg 1200w\" sizes=\"(max-width: 768px) 85vw, 768px\" \/><\/a>\n\t\t\t<\/div><\/figure><figure class='gallery-item'>\n\t\t\t<div class='gallery-icon landscape'>\n\t\t\t\t<a data-elementor-open-lightbox=\"yes\" data-elementor-lightbox-slideshow=\"a2b41e0\" data-elementor-lightbox-title=\"4564__01_72dpi\" href='https:\/\/huelser-mitteilungen.de\/wp-content\/uploads\/2019\/07\/4564__01_72dpi.jpg'><img width=\"768\" height=\"768\" src=\"https:\/\/huelser-mitteilungen.de\/wp-content\/uploads\/2019\/07\/4564__01_72dpi-768x768.jpg\" class=\"attachment-medium_large size-medium_large\" alt=\"\" loading=\"lazy\" srcset=\"https:\/\/huelser-mitteilungen.de\/wp-content\/uploads\/2019\/07\/4564__01_72dpi-768x768.jpg 768w, https:\/\/huelser-mitteilungen.de\/wp-content\/uploads\/2019\/07\/4564__01_72dpi-150x150.jpg 150w, https:\/\/huelser-mitteilungen.de\/wp-content\/uploads\/2019\/07\/4564__01_72dpi-300x300.jpg 300w, https:\/\/huelser-mitteilungen.de\/wp-content\/uploads\/2019\/07\/4564__01_72dpi-1024x1024.jpg 1024w, https:\/\/huelser-mitteilungen.de\/wp-content\/uploads\/2019\/07\/4564__01_72dpi-1200x1200.jpg 1200w\" sizes=\"(max-width: 768px) 85vw, 768px\" \/><\/a>\n\t\t\t<\/div><\/figure><figure class='gallery-item'>\n\t\t\t<div class='gallery-icon portrait'>\n\t\t\t\t<a data-elementor-open-lightbox=\"yes\" data-elementor-lightbox-slideshow=\"a2b41e0\" data-elementor-lightbox-title=\"4565_72dpi\" href='https:\/\/huelser-mitteilungen.de\/wp-content\/uploads\/2019\/07\/4565_72dpi.jpg'><img width=\"768\" height=\"1150\" src=\"https:\/\/huelser-mitteilungen.de\/wp-content\/uploads\/2019\/07\/4565_72dpi-768x1150.jpg\" class=\"attachment-medium_large size-medium_large\" alt=\"\" loading=\"lazy\" srcset=\"https:\/\/huelser-mitteilungen.de\/wp-content\/uploads\/2019\/07\/4565_72dpi-768x1150.jpg 768w, https:\/\/huelser-mitteilungen.de\/wp-content\/uploads\/2019\/07\/4565_72dpi-200x300.jpg 200w, https:\/\/huelser-mitteilungen.de\/wp-content\/uploads\/2019\/07\/4565_72dpi-684x1024.jpg 684w, https:\/\/huelser-mitteilungen.de\/wp-content\/uploads\/2019\/07\/4565_72dpi-1200x1798.jpg 1200w\" sizes=\"(max-width: 768px) 85vw, 768px\" \/><\/a>\n\t\t\t<\/div><\/figure><figure class='gallery-item'>\n\t\t\t<div class='gallery-icon landscape'>\n\t\t\t\t<a data-elementor-open-lightbox=\"yes\" data-elementor-lightbox-slideshow=\"a2b41e0\" data-elementor-lightbox-title=\"4551_72dpi\" href='https:\/\/huelser-mitteilungen.de\/wp-content\/uploads\/2019\/07\/4551_72dpi.jpg'><img width=\"768\" height=\"513\" src=\"https:\/\/huelser-mitteilungen.de\/wp-content\/uploads\/2019\/07\/4551_72dpi-768x513.jpg\" class=\"attachment-medium_large size-medium_large\" alt=\"\" loading=\"lazy\" srcset=\"https:\/\/huelser-mitteilungen.de\/wp-content\/uploads\/2019\/07\/4551_72dpi-768x513.jpg 768w, https:\/\/huelser-mitteilungen.de\/wp-content\/uploads\/2019\/07\/4551_72dpi-300x200.jpg 300w, https:\/\/huelser-mitteilungen.de\/wp-content\/uploads\/2019\/07\/4551_72dpi-1024x684.jpg 1024w, https:\/\/huelser-mitteilungen.de\/wp-content\/uploads\/2019\/07\/4551_72dpi-1200x801.jpg 1200w\" sizes=\"(max-width: 768px) 85vw, 768px\" \/><\/a>\n\t\t\t<\/div><\/figure><figure class='gallery-item'>\n\t\t\t<div class='gallery-icon landscape'>\n\t\t\t\t<a data-elementor-open-lightbox=\"yes\" data-elementor-lightbox-slideshow=\"a2b41e0\" data-elementor-lightbox-title=\"4575_72dpi-2\" href='https:\/\/huelser-mitteilungen.de\/wp-content\/uploads\/2020\/04\/4575_72dpi-2-scaled.jpg'><img width=\"768\" height=\"513\" src=\"https:\/\/huelser-mitteilungen.de\/wp-content\/uploads\/2020\/04\/4575_72dpi-2-768x513.jpg\" class=\"attachment-medium_large size-medium_large\" alt=\"\" loading=\"lazy\" srcset=\"https:\/\/huelser-mitteilungen.de\/wp-content\/uploads\/2020\/04\/4575_72dpi-2-768x513.jpg 768w, https:\/\/huelser-mitteilungen.de\/wp-content\/uploads\/2020\/04\/4575_72dpi-2-300x200.jpg 300w, https:\/\/huelser-mitteilungen.de\/wp-content\/uploads\/2020\/04\/4575_72dpi-2-1024x684.jpg 1024w, https:\/\/huelser-mitteilungen.de\/wp-content\/uploads\/2020\/04\/4575_72dpi-2-1536x1025.jpg 1536w, https:\/\/huelser-mitteilungen.de\/wp-content\/uploads\/2020\/04\/4575_72dpi-2-2048x1367.jpg 2048w, https:\/\/huelser-mitteilungen.de\/wp-content\/uploads\/2020\/04\/4575_72dpi-2-1200x801.jpg 1200w\" sizes=\"(max-width: 768px) 85vw, 768px\" \/><\/a>\n\t\t\t<\/div><\/figure>\n\t\t<\/div>\n\t\t<\/div>\n\t\t\t\t<\/div>\n\t\t\t\t<\/div>\n\t\t\t\t\t\t<\/div>\n\t\t\t\t\t<\/div>\n\t\t<\/div>\n\t\t\t\t\t\t\t\t<\/div>\n\t\t\t\t\t<\/div>\n\t\t<\/section>\n\t\t\t\t\t\t<\/div>\n\t\t\t\t\t\t<\/div>\n\t\t\t\t\t<\/div>\n\t\t","protected":false},"excerpt":{"rendered":"<p>Im Herzen von H\u00fcls drucken wir in der dritten Generation nicht nur die H\u00fclser Mitteilungen und den Hubertus-Boten, sondern u. a. auch den Evangelischen Gemeindebrief, die Vereinszeitschrift f\u00fcr Sport f\u00fcr aktive B\u00fcrger und vieles mehr. &nbsp; Auch gerne f\u00fcr Sie &#8211;&nbsp;Fordern Sie ein kostenloses Angebot an.<\/p>\n","protected":false},"author":1,"featured_media":0,"parent":0,"menu_order":0,"comment_status":"closed","ping_status":"closed","template":"","meta":[],"_links":{"self":[{"href":"https:\/\/huelser-mitteilungen.de\/index.php?rest_route=\/wp\/v2\/pages\/133"}],"collection":[{"href":"https:\/\/huelser-mitteilungen.de\/index.php?rest_route=\/wp\/v2\/pages"}],"about":[{"href":"https:\/\/huelser-mitteilungen.de\/index.php?rest_route=\/wp\/v2\/types\/page"}],"author":[{"embeddable":true,"href":"https:\/\/huelser-mitteilungen.de\/index.php?rest_route=\/wp\/v2\/users\/1"}],"replies":[{"embeddable":true,"href":"https:\/\/huelser-mitteilungen.de\/index.php?rest_route=%2Fwp%2Fv2%2Fcomments&post=133"}],"version-history":[{"count":15,"href":"https:\/\/huelser-mitteilungen.de\/index.php?rest_route=\/wp\/v2\/pages\/133\/revisions"}],"predecessor-version":[{"id":874,"href":"https:\/\/huelser-mitteilungen.de\/index.php?rest_route=\/wp\/v2\/pages\/133\/revisions\/874"}],"wp:attachment":[{"href":"https:\/\/huelser-mitteilungen.de\/index.php?rest_route=%2Fwp%2Fv2%2Fmedia&parent=133"}],"curies":[{"name":"wp","href":"https:\/\/api.w.org\/{rel}","templated":true}]}}