{"id":340,"date":"2020-04-21T10:18:01","date_gmt":"2020-04-21T10:18:01","guid":{"rendered":"http:\/\/huelser-mitteilungen.de\/?page_id=340"},"modified":"2021-01-06T08:40:16","modified_gmt":"2021-01-06T08:40:16","slug":"redaktioneller-bereich","status":"publish","type":"page","link":"https:\/\/huelser-mitteilungen.de\/?page_id=340","title":{"rendered":"Redaktion"},"content":{"rendered":"\t\t<div data-elementor-type=\"wp-page\" data-elementor-id=\"340\" class=\"elementor elementor-340\" data-elementor-settings=\"[]\">\n\t\t\t\t\t\t<div class=\"elementor-inner\">\n\t\t\t\t\t\t\t<div class=\"elementor-section-wrap\">\n\t\t\t\t\t\t\t<section class=\"elementor-section elementor-top-section elementor-element elementor-element-5d3312c elementor-section-boxed elementor-section-height-default elementor-section-height-default\" data-id=\"5d3312c\" data-element_type=\"section\">\n\t\t\t\t\t\t<div class=\"elementor-container elementor-column-gap-default\">\n\t\t\t\t\t\t\t<div class=\"elementor-row\">\n\t\t\t\t\t<div class=\"elementor-column elementor-col-100 elementor-top-column elementor-element elementor-element-1ba729f\" data-id=\"1ba729f\" data-element_type=\"column\">\n\t\t\t<div class=\"elementor-column-wrap elementor-element-populated\">\n\t\t\t\t\t\t\t<div class=\"elementor-widget-wrap\">\n\t\t\t\t\t\t<div class=\"elementor-element elementor-element-893619b elementor-widget elementor-widget-text-editor\" data-id=\"893619b\" data-element_type=\"widget\" data-widget_type=\"text-editor.default\">\n\t\t\t\t<div class=\"elementor-widget-container\">\n\t\t\t\t\t<div class=\"elementor-text-editor elementor-clearfix\"><div>F\u00fcr unseren redaktionellen Teil nehmen wir gerne Ihre Beitr\u00e4ge an. Vieles ver\u00f6ffentlichen wir kostenlos, z. B. Berichte aus den Vereinen, Leserbriefe, Altersjubilare.<\/div>\n<div><span style=\"font-size: 1rem;\">Dateien k\u00f6nnen Sie uns an&nbsp;<\/span><a style=\"font-size: 1rem;\" href=\"mailto:red@huemi.de\">red@huemi.de<\/a><span style=\"font-size: 1rem;\">&nbsp;mailen. Bei Bildern ist von Ihnen sicherzustellen, dass Sie die Urheberrechte besitzen und zur Ver\u00f6ffentlichung berechtigt sind. Bitte denken Sie an Bildunterschriften. <\/span><\/div>\n<div><span style=\"font-size: 1rem;\">&nbsp;<\/span><\/div>\n<div>Unser Redaktionsschluss ist mittwochs um 16 Uhr, bei Feiertagen entsprechend fr\u00fcher.<\/div>\n<div><br><\/div>\n<div>&nbsp;<\/div>\n<div><span style=\"font-size: 1rem;\">Wenn Sie Fragen haben, rufen Sie uns gerne an.<\/span><\/div>\n<div>&nbsp;<\/div>\n<div>\n<div>\n<div><span style=\"font-weight: bold; font-size: 1rem;\">B\u00fcrozeiten:<\/span><\/div>\n<div>Mo.- Do. &nbsp;9.00 \u2013 12.45 und&nbsp;<\/div>\n<div>&nbsp; &nbsp; &nbsp; &nbsp; &nbsp; &nbsp; &nbsp;14.00 \u2013 16.00 Uhr<\/div>\n<div>Fr. &nbsp; &nbsp; &nbsp; &nbsp; &nbsp; 9.00 \u2013 13.00 Uhr<\/div>\n<div>&nbsp;<\/div>\n<div><a href=\"tel:+492151736038\">Telefon &nbsp; 02151 &nbsp;736038<\/a><\/div>\n<div>&nbsp;<\/div>\n<div><a href=\"mailto:red@huemi.de\">E-Mail &nbsp; &nbsp;red@huemi.de<\/a><\/div>\n<\/div>\n<\/div><\/div>\n\t\t\t\t<\/div>\n\t\t\t\t<\/div>\n\t\t\t\t\t\t<\/div>\n\t\t\t\t\t<\/div>\n\t\t<\/div>\n\t\t\t\t\t\t\t\t<\/div>\n\t\t\t\t\t<\/div>\n\t\t<\/section>\n\t\t\t\t\t\t<\/div>\n\t\t\t\t\t\t<\/div>\n\t\t\t\t\t<\/div>\n\t\t","protected":false},"excerpt":{"rendered":"<p>F\u00fcr unseren redaktionellen Teil nehmen wir gerne Ihre Beitr\u00e4ge an. Vieles ver\u00f6ffentlichen wir kostenlos, z. B. Berichte aus den Vereinen, Leserbriefe, Altersjubilare. Dateien k\u00f6nnen Sie uns an&nbsp;red@huemi.de&nbsp;mailen. Bei Bildern ist von Ihnen sicherzustellen, dass Sie die Urheberrechte besitzen und zur Ver\u00f6ffentlichung berechtigt sind. Bitte denken Sie an Bildunterschriften. &nbsp; Unser Redaktionsschluss ist mittwochs um 16 &hellip; <a href=\"https:\/\/huelser-mitteilungen.de\/?page_id=340\" class=\"more-link\"><span class=\"screen-reader-text\">&#8222;Redaktion&#8220; <\/span>weiterlesen<\/a><\/p>\n","protected":false},"author":1,"featured_media":0,"parent":0,"menu_order":0,"comment_status":"closed","ping_status":"closed","template":"","meta":[],"_links":{"self":[{"href":"https:\/\/huelser-mitteilungen.de\/index.php?rest_route=\/wp\/v2\/pages\/340"}],"collection":[{"href":"https:\/\/huelser-mitteilungen.de\/index.php?rest_route=\/wp\/v2\/pages"}],"about":[{"href":"https:\/\/huelser-mitteilungen.de\/index.php?rest_route=\/wp\/v2\/types\/page"}],"author":[{"embeddable":true,"href":"https:\/\/huelser-mitteilungen.de\/index.php?rest_route=\/wp\/v2\/users\/1"}],"replies":[{"embeddable":true,"href":"https:\/\/huelser-mitteilungen.de\/index.php?rest_route=%2Fwp%2Fv2%2Fcomments&post=340"}],"version-history":[{"count":19,"href":"https:\/\/huelser-mitteilungen.de\/index.php?rest_route=\/wp\/v2\/pages\/340\/revisions"}],"predecessor-version":[{"id":979,"href":"https:\/\/huelser-mitteilungen.de\/index.php?rest_route=\/wp\/v2\/pages\/340\/revisions\/979"}],"wp:attachment":[{"href":"https:\/\/huelser-mitteilungen.de\/index.php?rest_route=%2Fwp%2Fv2%2Fmedia&parent=340"}],"curies":[{"name":"wp","href":"https:\/\/api.w.org\/{rel}","templated":true}]}}