{"id":81,"date":"2019-07-03T17:25:01","date_gmt":"2019-07-03T17:25:01","guid":{"rendered":"http:\/\/huelser-mitteilungen.de\/?page_id=81"},"modified":"2023-01-13T15:59:07","modified_gmt":"2023-01-13T15:59:07","slug":"kontakt","status":"publish","type":"page","link":"https:\/\/huelser-mitteilungen.de\/?page_id=81","title":{"rendered":"Kontakt"},"content":{"rendered":"\t\t<div data-elementor-type=\"wp-post\" data-elementor-id=\"81\" class=\"elementor elementor-81\" data-elementor-settings=\"[]\">\n\t\t\t\t\t\t<div class=\"elementor-inner\">\n\t\t\t\t\t\t\t<div class=\"elementor-section-wrap\">\n\t\t\t\t\t\t\t<section class=\"elementor-section elementor-top-section elementor-element elementor-element-e0eb36b elementor-section-boxed elementor-section-height-default elementor-section-height-default\" data-id=\"e0eb36b\" data-element_type=\"section\">\n\t\t\t\t\t\t<div class=\"elementor-container elementor-column-gap-default\">\n\t\t\t\t\t\t\t<div class=\"elementor-row\">\n\t\t\t\t\t<div class=\"elementor-column elementor-col-100 elementor-top-column elementor-element elementor-element-c724164\" data-id=\"c724164\" data-element_type=\"column\">\n\t\t\t<div class=\"elementor-column-wrap elementor-element-populated\">\n\t\t\t\t\t\t\t<div class=\"elementor-widget-wrap\">\n\t\t\t\t\t\t<section class=\"elementor-section elementor-inner-section elementor-element elementor-element-b3b85d1 elementor-section-boxed elementor-section-height-default elementor-section-height-default\" data-id=\"b3b85d1\" data-element_type=\"section\">\n\t\t\t\t\t\t<div class=\"elementor-container elementor-column-gap-default\">\n\t\t\t\t\t\t\t<div class=\"elementor-row\">\n\t\t\t\t\t<div class=\"elementor-column elementor-col-50 elementor-inner-column elementor-element elementor-element-15002f1\" data-id=\"15002f1\" data-element_type=\"column\">\n\t\t\t<div class=\"elementor-column-wrap elementor-element-populated\">\n\t\t\t\t\t\t\t<div class=\"elementor-widget-wrap\">\n\t\t\t\t\t\t<div class=\"elementor-element elementor-element-8c89198 elementor-widget elementor-widget-text-editor\" data-id=\"8c89198\" data-element_type=\"widget\" data-widget_type=\"text-editor.default\">\n\t\t\t\t<div class=\"elementor-widget-container\">\n\t\t\t\t\t<div class=\"elementor-text-editor elementor-clearfix\"><div><strong>H. Kaltenmeier S\u00f6hne oHG<\/strong><\/div><div>Druckerei und Verlag<\/div><div>Klever Stra\u00dfe 19<\/div><div>47839 Krefeld-H\u00fcls<\/div><div>\u00a0<\/div><div>B\u00fcrozeiten:<\/div><div>Mo. &#8211; Do.\u00a0 09:00 Uhr &#8211; 12:45 Uhr\u00a0\u00a0\u00a0\u00a0 und\u00a0<\/div><div>\u00a0 \u00a0 \u00a0 \u00a0 \u00a0 \u00a0 \u00a0 \u00a0 14:00 Uhr &#8211; 16:00 Uhr<\/div><div>Fr. \u00a0 \u00a0 \u00a0 \u00a0 \u00a0\u00a0 09:00 Uhr &#8211; 13:00 Uhr<\/div><p>\u00a0<\/p><div>\u00a0<\/div><div><a href=\"tel:+492151736038\">Telefon \u00a0 02151 \/ 736038<\/a><\/div><div>\u00a0<\/div><div>Oder Sie schreiben uns:<\/div><div><a href=\"mailto:red@huemi.de\">E-Mail \u00a0 red@huemi.de<\/a><\/div><div>\u00a0<\/div><div>\u00a0<\/div><\/div>\n\t\t\t\t<\/div>\n\t\t\t\t<\/div>\n\t\t\t\t\t\t<\/div>\n\t\t\t\t\t<\/div>\n\t\t<\/div>\n\t\t\t\t<div class=\"elementor-column elementor-col-50 elementor-inner-column elementor-element elementor-element-90e3727\" data-id=\"90e3727\" data-element_type=\"column\">\n\t\t\t<div class=\"elementor-column-wrap elementor-element-populated\">\n\t\t\t\t\t\t\t<div class=\"elementor-widget-wrap\">\n\t\t\t\t\t\t<div class=\"elementor-element elementor-element-5ddda1a elementor-widget elementor-widget-image\" data-id=\"5ddda1a\" data-element_type=\"widget\" data-widget_type=\"image.default\">\n\t\t\t\t<div class=\"elementor-widget-container\">\n\t\t\t\t\t<div class=\"elementor-image\">\n\t\t\t\t\t\t\t\t\t\t<img width=\"768\" height=\"866\" src=\"https:\/\/huelser-mitteilungen.de\/wp-content\/uploads\/2020\/04\/4649_1_72dpi-768x866.jpg\" class=\"attachment-medium_large size-medium_large\" alt=\"\" loading=\"lazy\" srcset=\"https:\/\/huelser-mitteilungen.de\/wp-content\/uploads\/2020\/04\/4649_1_72dpi-768x866.jpg 768w, https:\/\/huelser-mitteilungen.de\/wp-content\/uploads\/2020\/04\/4649_1_72dpi-266x300.jpg 266w, https:\/\/huelser-mitteilungen.de\/wp-content\/uploads\/2020\/04\/4649_1_72dpi-908x1024.jpg 908w, https:\/\/huelser-mitteilungen.de\/wp-content\/uploads\/2020\/04\/4649_1_72dpi-1361x1536.jpg 1361w, https:\/\/huelser-mitteilungen.de\/wp-content\/uploads\/2020\/04\/4649_1_72dpi-1815x2048.jpg 1815w, https:\/\/huelser-mitteilungen.de\/wp-content\/uploads\/2020\/04\/4649_1_72dpi-1200x1354.jpg 1200w\" sizes=\"(max-width: 768px) 85vw, 768px\" \/>\t\t\t\t\t\t\t\t\t\t\t<\/div>\n\t\t\t\t<\/div>\n\t\t\t\t<\/div>\n\t\t\t\t\t\t<\/div>\n\t\t\t\t\t<\/div>\n\t\t<\/div>\n\t\t\t\t\t\t\t\t<\/div>\n\t\t\t\t\t<\/div>\n\t\t<\/section>\n\t\t\t\t\t\t<\/div>\n\t\t\t\t\t<\/div>\n\t\t<\/div>\n\t\t\t\t\t\t\t\t<\/div>\n\t\t\t\t\t<\/div>\n\t\t<\/section>\n\t\t\t\t<section class=\"elementor-section elementor-top-section elementor-element elementor-element-dbd1dbf elementor-section-boxed elementor-section-height-default elementor-section-height-default\" data-id=\"dbd1dbf\" data-element_type=\"section\">\n\t\t\t\t\t\t<div class=\"elementor-container elementor-column-gap-default\">\n\t\t\t\t\t\t\t<div class=\"elementor-row\">\n\t\t\t\t\t<div class=\"elementor-column elementor-col-100 elementor-top-column elementor-element elementor-element-8d55f27\" data-id=\"8d55f27\" data-element_type=\"column\">\n\t\t\t<div class=\"elementor-column-wrap elementor-element-populated\">\n\t\t\t\t\t\t\t<div class=\"elementor-widget-wrap\">\n\t\t\t\t\t\t<div class=\"elementor-element elementor-element-e57d6b4 elementor-widget-divider--view-line elementor-widget elementor-widget-divider\" data-id=\"e57d6b4\" data-element_type=\"widget\" data-widget_type=\"divider.default\">\n\t\t\t\t<div class=\"elementor-widget-container\">\n\t\t\t\t\t<div class=\"elementor-divider\">\n\t\t\t<span class=\"elementor-divider-separator\">\n\t\t\t\t\t\t<\/span>\n\t\t<\/div>\n\t\t\t\t<\/div>\n\t\t\t\t<\/div>\n\t\t\t\t\t\t<\/div>\n\t\t\t\t\t<\/div>\n\t\t<\/div>\n\t\t\t\t\t\t\t\t<\/div>\n\t\t\t\t\t<\/div>\n\t\t<\/section>\n\t\t\t\t<section class=\"elementor-section elementor-top-section elementor-element elementor-element-17dfa98 elementor-section-boxed elementor-section-height-default elementor-section-height-default\" data-id=\"17dfa98\" data-element_type=\"section\">\n\t\t\t\t\t\t<div class=\"elementor-container elementor-column-gap-default\">\n\t\t\t\t\t\t\t<div class=\"elementor-row\">\n\t\t\t\t\t<div class=\"elementor-column elementor-col-100 elementor-top-column elementor-element elementor-element-ef5c5c0\" data-id=\"ef5c5c0\" data-element_type=\"column\">\n\t\t\t<div class=\"elementor-column-wrap\">\n\t\t\t\t\t\t\t<div class=\"elementor-widget-wrap\">\n\t\t\t\t\t\t\t\t<\/div>\n\t\t\t\t\t<\/div>\n\t\t<\/div>\n\t\t\t\t\t\t\t\t<\/div>\n\t\t\t\t\t<\/div>\n\t\t<\/section>\n\t\t\t\t\t\t<\/div>\n\t\t\t\t\t\t<\/div>\n\t\t\t\t\t<\/div>\n\t\t","protected":false},"excerpt":{"rendered":"<p>H. Kaltenmeier S\u00f6hne oHGDruckerei und VerlagKlever Stra\u00dfe 1947839 Krefeld-H\u00fcls\u00a0B\u00fcrozeiten:Mo. &#8211; Do.\u00a0 09:00 Uhr &#8211; 12:45 Uhr\u00a0\u00a0\u00a0\u00a0 und\u00a0\u00a0 \u00a0 \u00a0 \u00a0 \u00a0 \u00a0 \u00a0 \u00a0 14:00 Uhr &#8211; 16:00 UhrFr. \u00a0 \u00a0 \u00a0 \u00a0 \u00a0\u00a0 09:00 Uhr &#8211; 13:00 Uhr \u00a0 \u00a0Telefon \u00a0 02151 \/ 736038\u00a0Oder Sie schreiben uns:E-Mail \u00a0 red@huemi.de\u00a0\u00a0<\/p>\n","protected":false},"author":1,"featured_media":0,"parent":0,"menu_order":0,"comment_status":"closed","ping_status":"closed","template":"","meta":[],"_links":{"self":[{"href":"https:\/\/huelser-mitteilungen.de\/index.php?rest_route=\/wp\/v2\/pages\/81"}],"collection":[{"href":"https:\/\/huelser-mitteilungen.de\/index.php?rest_route=\/wp\/v2\/pages"}],"about":[{"href":"https:\/\/huelser-mitteilungen.de\/index.php?rest_route=\/wp\/v2\/types\/page"}],"author":[{"embeddable":true,"href":"https:\/\/huelser-mitteilungen.de\/index.php?rest_route=\/wp\/v2\/users\/1"}],"replies":[{"embeddable":true,"href":"https:\/\/huelser-mitteilungen.de\/index.php?rest_route=%2Fwp%2Fv2%2Fcomments&post=81"}],"version-history":[{"count":31,"href":"https:\/\/huelser-mitteilungen.de\/index.php?rest_route=\/wp\/v2\/pages\/81\/revisions"}],"predecessor-version":[{"id":1622,"href":"https:\/\/huelser-mitteilungen.de\/index.php?rest_route=\/wp\/v2\/pages\/81\/revisions\/1622"}],"wp:attachment":[{"href":"https:\/\/huelser-mitteilungen.de\/index.php?rest_route=%2Fwp%2Fv2%2Fmedia&parent=81"}],"curies":[{"name":"wp","href":"https:\/\/api.w.org\/{rel}","templated":true}]}}