{"id":9,"date":"2019-07-03T15:09:17","date_gmt":"2019-07-03T15:09:17","guid":{"rendered":"http:\/\/huelser-mitteilungen.de\/?page_id=9"},"modified":"2020-09-02T10:01:36","modified_gmt":"2020-09-02T10:01:36","slug":"ueber-uns","status":"publish","type":"page","link":"https:\/\/huelser-mitteilungen.de\/?page_id=9","title":{"rendered":"\u00dcber uns"},"content":{"rendered":"\t\t<div data-elementor-type=\"wp-post\" data-elementor-id=\"9\" class=\"elementor elementor-9\" data-elementor-settings=\"[]\">\n\t\t\t\t\t\t<div class=\"elementor-inner\">\n\t\t\t\t\t\t\t<div class=\"elementor-section-wrap\">\n\t\t\t\t\t\t\t<section class=\"elementor-section elementor-top-section elementor-element elementor-element-84d77a8 elementor-section-boxed elementor-section-height-default elementor-section-height-default\" data-id=\"84d77a8\" data-element_type=\"section\">\n\t\t\t\t\t\t<div class=\"elementor-container elementor-column-gap-default\">\n\t\t\t\t\t\t\t<div class=\"elementor-row\">\n\t\t\t\t\t<div class=\"elementor-column elementor-col-100 elementor-top-column elementor-element elementor-element-ba04346\" data-id=\"ba04346\" data-element_type=\"column\">\n\t\t\t<div class=\"elementor-column-wrap elementor-element-populated\">\n\t\t\t\t\t\t\t<div class=\"elementor-widget-wrap\">\n\t\t\t\t\t\t<div class=\"elementor-element elementor-element-963b70e elementor-widget elementor-widget-text-editor\" data-id=\"963b70e\" data-element_type=\"widget\" data-widget_type=\"text-editor.default\">\n\t\t\t\t<div class=\"elementor-widget-container\">\n\t\t\t\t\t<div class=\"elementor-text-editor elementor-clearfix\"><div>Das Team der H\u00fclser Mitteilungen<\/div><div>\u00a0<\/div><div><span style=\"font-size: 1rem;\">16 Zeitungsboten\/innen \u00a0und 10 Mitarbeiter\/innen in Satz, Produktion, Redaktion und B\u00fcro<\/span><\/div><div>sorgen daf\u00fcr, dass Sie jeden Freitag p\u00fcnktlich Ihr \u201eBl\u00e4ttchen&#8221; erhalten.<\/div><\/div>\n\t\t\t\t<\/div>\n\t\t\t\t<\/div>\n\t\t\t\t<div class=\"elementor-element elementor-element-51b7076 elementor-widget elementor-widget-image\" data-id=\"51b7076\" data-element_type=\"widget\" data-widget_type=\"image.default\">\n\t\t\t\t<div class=\"elementor-widget-container\">\n\t\t\t\t\t<div class=\"elementor-image\">\n\t\t\t\t\t\t\t<figure class=\"wp-caption\">\n\t\t\t\t\t\t\t\t\t\t<img width=\"720\" height=\"418\" src=\"https:\/\/huelser-mitteilungen.de\/wp-content\/uploads\/2020\/09\/team_aktuell.jpg\" class=\"attachment-medium_large size-medium_large\" alt=\"\" loading=\"lazy\" srcset=\"https:\/\/huelser-mitteilungen.de\/wp-content\/uploads\/2020\/09\/team_aktuell.jpg 720w, https:\/\/huelser-mitteilungen.de\/wp-content\/uploads\/2020\/09\/team_aktuell-300x174.jpg 300w\" sizes=\"(max-width: 720px) 85vw, 720px\" \/>\t\t\t\t\t\t\t\t\t\t\t<figcaption class=\"widget-image-caption wp-caption-text\">Unser aktuelles Team<\/figcaption>\n\t\t\t\t\t\t\t\t\t\t<\/figure>\n\t\t\t\t\t<\/div>\n\t\t\t\t<\/div>\n\t\t\t\t<\/div>\n\t\t\t\t\t\t<\/div>\n\t\t\t\t\t<\/div>\n\t\t<\/div>\n\t\t\t\t\t\t\t\t<\/div>\n\t\t\t\t\t<\/div>\n\t\t<\/section>\n\t\t\t\t<section class=\"elementor-section elementor-top-section elementor-element elementor-element-87a65f8 elementor-section-boxed elementor-section-height-default elementor-section-height-default\" data-id=\"87a65f8\" data-element_type=\"section\">\n\t\t\t\t\t\t<div class=\"elementor-container elementor-column-gap-default\">\n\t\t\t\t\t\t\t<div class=\"elementor-row\">\n\t\t\t\t\t<div class=\"elementor-column elementor-col-100 elementor-top-column elementor-element elementor-element-6658c07\" data-id=\"6658c07\" data-element_type=\"column\">\n\t\t\t<div class=\"elementor-column-wrap elementor-element-populated\">\n\t\t\t\t\t\t\t<div class=\"elementor-widget-wrap\">\n\t\t\t\t\t\t<div class=\"elementor-element elementor-element-ab93977 elementor-widget elementor-widget-image\" data-id=\"ab93977\" data-element_type=\"widget\" data-widget_type=\"image.default\">\n\t\t\t\t<div class=\"elementor-widget-container\">\n\t\t\t\t\t<div class=\"elementor-image\">\n\t\t\t\t\t\t\t<figure class=\"wp-caption\">\n\t\t\t\t\t\t\t\t\t\t<img width=\"720\" height=\"418\" src=\"https:\/\/huelser-mitteilungen.de\/wp-content\/uploads\/2020\/05\/huemi_team_boten.jpg\" class=\"attachment-medium_large size-medium_large\" alt=\"\" loading=\"lazy\" srcset=\"https:\/\/huelser-mitteilungen.de\/wp-content\/uploads\/2020\/05\/huemi_team_boten.jpg 720w, https:\/\/huelser-mitteilungen.de\/wp-content\/uploads\/2020\/05\/huemi_team_boten-300x174.jpg 300w\" sizes=\"(max-width: 720px) 85vw, 720px\" \/>\t\t\t\t\t\t\t\t\t\t\t<figcaption class=\"widget-image-caption wp-caption-text\">...mit unseren Boten<\/figcaption>\n\t\t\t\t\t\t\t\t\t\t<\/figure>\n\t\t\t\t\t<\/div>\n\t\t\t\t<\/div>\n\t\t\t\t<\/div>\n\t\t\t\t\t\t<\/div>\n\t\t\t\t\t<\/div>\n\t\t<\/div>\n\t\t\t\t\t\t\t\t<\/div>\n\t\t\t\t\t<\/div>\n\t\t<\/section>\n\t\t\t\t<section class=\"elementor-section elementor-top-section elementor-element elementor-element-1abdb6e elementor-section-boxed elementor-section-height-default elementor-section-height-default\" data-id=\"1abdb6e\" data-element_type=\"section\">\n\t\t\t\t\t\t<div class=\"elementor-container elementor-column-gap-default\">\n\t\t\t\t\t\t\t<div class=\"elementor-row\">\n\t\t\t\t\t<div class=\"elementor-column elementor-col-100 elementor-top-column elementor-element elementor-element-87309bf\" data-id=\"87309bf\" data-element_type=\"column\">\n\t\t\t<div class=\"elementor-column-wrap elementor-element-populated\">\n\t\t\t\t\t\t\t<div class=\"elementor-widget-wrap\">\n\t\t\t\t\t\t<div class=\"elementor-element elementor-element-fef6d8a elementor-widget elementor-widget-image\" data-id=\"fef6d8a\" data-element_type=\"widget\" data-widget_type=\"image.default\">\n\t\t\t\t<div class=\"elementor-widget-container\">\n\t\t\t\t\t<div class=\"elementor-image\">\n\t\t\t\t\t\t\t<figure class=\"wp-caption\">\n\t\t\t\t\t\t\t\t\t\t<img width=\"720\" height=\"418\" src=\"https:\/\/huelser-mitteilungen.de\/wp-content\/uploads\/2020\/09\/team_historisch.jpg\" class=\"attachment-medium_large size-medium_large\" alt=\"\" loading=\"lazy\" srcset=\"https:\/\/huelser-mitteilungen.de\/wp-content\/uploads\/2020\/09\/team_historisch.jpg 720w, https:\/\/huelser-mitteilungen.de\/wp-content\/uploads\/2020\/09\/team_historisch-300x174.jpg 300w\" sizes=\"(max-width: 720px) 85vw, 720px\" \/>\t\t\t\t\t\t\t\t\t\t\t<figcaption class=\"widget-image-caption wp-caption-text\">...in fr\u00fcheren Zeiten<\/figcaption>\n\t\t\t\t\t\t\t\t\t\t<\/figure>\n\t\t\t\t\t<\/div>\n\t\t\t\t<\/div>\n\t\t\t\t<\/div>\n\t\t\t\t\t\t<\/div>\n\t\t\t\t\t<\/div>\n\t\t<\/div>\n\t\t\t\t\t\t\t\t<\/div>\n\t\t\t\t\t<\/div>\n\t\t<\/section>\n\t\t\t\t<section class=\"elementor-section elementor-top-section elementor-element elementor-element-8ec98b8 elementor-section-boxed elementor-section-height-default elementor-section-height-default\" data-id=\"8ec98b8\" data-element_type=\"section\">\n\t\t\t\t\t\t<div class=\"elementor-container elementor-column-gap-default\">\n\t\t\t\t\t\t\t<div class=\"elementor-row\">\n\t\t\t\t\t<div class=\"elementor-column elementor-col-100 elementor-top-column elementor-element elementor-element-5d88625\" data-id=\"5d88625\" data-element_type=\"column\">\n\t\t\t<div class=\"elementor-column-wrap elementor-element-populated\">\n\t\t\t\t\t\t\t<div class=\"elementor-widget-wrap\">\n\t\t\t\t\t\t<div class=\"elementor-element elementor-element-ac9aad1 elementor-widget elementor-widget-image\" data-id=\"ac9aad1\" data-element_type=\"widget\" data-widget_type=\"image.default\">\n\t\t\t\t<div class=\"elementor-widget-container\">\n\t\t\t\t\t<div class=\"elementor-image\">\n\t\t\t\t\t\t\t\t\t\t<img width=\"720\" height=\"418\" src=\"https:\/\/huelser-mitteilungen.de\/wp-content\/uploads\/2020\/09\/team_huemi_bottermaat.jpg\" class=\"attachment-large size-large\" alt=\"\" loading=\"lazy\" srcset=\"https:\/\/huelser-mitteilungen.de\/wp-content\/uploads\/2020\/09\/team_huemi_bottermaat.jpg 720w, https:\/\/huelser-mitteilungen.de\/wp-content\/uploads\/2020\/09\/team_huemi_bottermaat-300x174.jpg 300w\" sizes=\"(max-width: 720px) 85vw, 720px\" \/>\t\t\t\t\t\t\t\t\t\t\t<\/div>\n\t\t\t\t<\/div>\n\t\t\t\t<\/div>\n\t\t\t\t<div class=\"elementor-element elementor-element-e0bd7a0 elementor-widget elementor-widget-image\" data-id=\"e0bd7a0\" data-element_type=\"widget\" data-widget_type=\"image.default\">\n\t\t\t\t<div class=\"elementor-widget-container\">\n\t\t\t\t\t<div class=\"elementor-image\">\n\t\t\t\t\t\t\t\t\t\t<img width=\"720\" height=\"418\" src=\"https:\/\/huelser-mitteilungen.de\/wp-content\/uploads\/2020\/09\/team_huemi.jpg\" class=\"attachment-medium_large size-medium_large\" alt=\"\" loading=\"lazy\" srcset=\"https:\/\/huelser-mitteilungen.de\/wp-content\/uploads\/2020\/09\/team_huemi.jpg 720w, https:\/\/huelser-mitteilungen.de\/wp-content\/uploads\/2020\/09\/team_huemi-300x174.jpg 300w\" sizes=\"(max-width: 720px) 85vw, 720px\" \/>\t\t\t\t\t\t\t\t\t\t\t<\/div>\n\t\t\t\t<\/div>\n\t\t\t\t<\/div>\n\t\t\t\t<div class=\"elementor-element elementor-element-ef9f8f4 elementor-widget elementor-widget-text-editor\" data-id=\"ef9f8f4\" data-element_type=\"widget\" data-widget_type=\"text-editor.default\">\n\t\t\t\t<div class=\"elementor-widget-container\">\n\t\t\t\t\t<div class=\"elementor-text-editor elementor-clearfix\"><p style=\"text-align: center;\">Nat\u00fcrlich sind wir bei allen wichtigen Ereignissen in H\u00fcls vor Ort und feiern auch gerne mit, sei es Karneval oder Bottermaat.<\/p><\/div>\n\t\t\t\t<\/div>\n\t\t\t\t<\/div>\n\t\t\t\t\t\t<\/div>\n\t\t\t\t\t<\/div>\n\t\t<\/div>\n\t\t\t\t\t\t\t\t<\/div>\n\t\t\t\t\t<\/div>\n\t\t<\/section>\n\t\t\t\t\t\t<\/div>\n\t\t\t\t\t\t<\/div>\n\t\t\t\t\t<\/div>\n\t\t","protected":false},"excerpt":{"rendered":"<p>Das Team der H\u00fclser Mitteilungen\u00a016 Zeitungsboten\/innen \u00a0und 10 Mitarbeiter\/innen in Satz, Produktion, Redaktion und B\u00fcrosorgen daf\u00fcr, dass Sie jeden Freitag p\u00fcnktlich Ihr \u201eBl\u00e4ttchen&#8221; erhalten. Unser aktuelles Team &#8230;mit unseren Boten &#8230;in fr\u00fcheren Zeiten Nat\u00fcrlich sind wir bei allen wichtigen Ereignissen in H\u00fcls vor Ort und feiern auch gerne mit, sei es Karneval oder Bottermaat.<\/p>\n","protected":false},"author":1,"featured_media":0,"parent":0,"menu_order":0,"comment_status":"closed","ping_status":"closed","template":"","meta":[],"_links":{"self":[{"href":"https:\/\/huelser-mitteilungen.de\/index.php?rest_route=\/wp\/v2\/pages\/9"}],"collection":[{"href":"https:\/\/huelser-mitteilungen.de\/index.php?rest_route=\/wp\/v2\/pages"}],"about":[{"href":"https:\/\/huelser-mitteilungen.de\/index.php?rest_route=\/wp\/v2\/types\/page"}],"author":[{"embeddable":true,"href":"https:\/\/huelser-mitteilungen.de\/index.php?rest_route=\/wp\/v2\/users\/1"}],"replies":[{"embeddable":true,"href":"https:\/\/huelser-mitteilungen.de\/index.php?rest_route=%2Fwp%2Fv2%2Fcomments&post=9"}],"version-history":[{"count":34,"href":"https:\/\/huelser-mitteilungen.de\/index.php?rest_route=\/wp\/v2\/pages\/9\/revisions"}],"predecessor-version":[{"id":895,"href":"https:\/\/huelser-mitteilungen.de\/index.php?rest_route=\/wp\/v2\/pages\/9\/revisions\/895"}],"wp:attachment":[{"href":"https:\/\/huelser-mitteilungen.de\/index.php?rest_route=%2Fwp%2Fv2%2Fmedia&parent=9"}],"curies":[{"name":"wp","href":"https:\/\/api.w.org\/{rel}","templated":true}]}}